{"id":429722,"date":"2025-12-24T19:26:52","date_gmt":"2025-12-24T19:26:52","guid":{"rendered":"https:\/\/nartiss.lv\/?post_type=product&#038;p=429722"},"modified":"2025-12-24T19:39:51","modified_gmt":"2025-12-24T19:39:51","slug":"squier-sonic-esquire-h-ultraviolet","status":"publish","type":"product","link":"https:\/\/nartiss.lv\/lt\/veikals\/elektriskas-gitaras-2\/squier-sonic-esquire-h-ultraviolet\/","title":{"rendered":"Squier by Fender Sonic Esquire H Ultraviolet elektrisk\u0101 \u0123it\u0101ra"},"content":{"rendered":"<div class=\"wpb-content-wrapper\"><p>[vc_row][vc_column][vc_column_text css=&#8221;&#8221; woodmart_inline=&#8221;no&#8221; text_larger=&#8221;no&#8221;]Squier Esquire H Ultraviolet ir vienk\u0101r\u0161a un jaud\u012bga elektrisk\u0101 \u0123it\u0101ra ies\u0101c\u0113jiem un roka m\u016bzikai.<\/p>\n<p>Squier Esquire H Ultraviolet ir elektrisk\u0101 \u0123it\u0101ra ar klasisku Esquire dizainu un modernu, jaud\u012bgu skan\u0113jumu. T\u0101 paredz\u0113ta sp\u0113l\u0113t\u0101jiem, kuri v\u0113las vienk\u0101r\u0161u, uzticamu instrumentu bez liek\u0101m deta\u013c\u0101m.<\/p>\n<p>\u0122it\u0101ra apr\u012bkota ar vienu humbucker ska\u0146as no\u0146\u0113m\u0113ju, kas nodro\u0161ina pies\u0101tin\u0101tu, sp\u0113c\u012bgu skan\u0113jumu gan t\u012bros, gan p\u0101rslodzes re\u017e\u012bmos. Skr\u016bv\u0113ts k\u013cavas kakls nodro\u0161ina stabilit\u0101ti un \u0113rtu sp\u0113l\u0113\u0161anu, savuk\u0101rt lauru koka grifs \u013cauj prec\u012bzi kontrol\u0113t ska\u0146u.<\/p>\n<p>Cietais Tele tipa tilti\u0146\u0161 ar se\u0161iem balstiem uzlabo ska\u0146as notur\u012bbu un precizit\u0101ti. Sl\u0113gtie meh\u0101niskie st\u012bglen\u010di nodro\u0161ina stabilu ska\u0146ojumu ikdienas lieto\u0161an\u0101. Spilgtais Ultraviolet kr\u0101sojums pie\u0161\u0137ir instrumentam m\u016bsdien\u012bgu un paman\u0101mu izskatu.[\/vc_column_text][\/vc_column][\/vc_row]<\/p>\n<\/div>","protected":false},"excerpt":{"rendered":"<p>Squier Sonic Esquire H ir vienk\u0101r\u0161a, jaud\u012bga elektrisk\u0101 \u0123it\u0101ra ar vienu humbucker ska\u0146as no\u0146\u0113m\u0113ju, piem\u0113rota rokam, pankam un alternat\u012bvai m\u016bzikai.<\/p>\n","protected":false},"featured_media":429723,"template":"","meta":[],"product_brand":[],"product_cat":[43904,4386],"product_tag":[56983,56987,56989,56988,56986],"berocket_brand":[56981],"woo-feed-brand":[],"class_list":{"0":"post-429722","1":"product","2":"type-product","3":"status-publish","4":"has-post-thumbnail","6":"product_cat-elektriskas-gitaras-2","7":"product_cat-elektriskas-gitaras","8":"product_tag-elektriska-gitara","9":"product_tag-esquire","10":"product_tag-fender","11":"product_tag-humbucker","12":"product_tag-squier","13":"berocket_brand-fender","15":"first","16":"instock","17":"shipping-taxable","18":"purchasable","19":"product-type-simple"},"_links":{"self":[{"href":"https:\/\/nartiss.lv\/lt\/wp-json\/wp\/v2\/product\/429722","targetHints":{"allow":["GET"]}}],"collection":[{"href":"https:\/\/nartiss.lv\/lt\/wp-json\/wp\/v2\/product"}],"about":[{"href":"https:\/\/nartiss.lv\/lt\/wp-json\/wp\/v2\/types\/product"}],"wp:featuredmedia":[{"embeddable":true,"href":"https:\/\/nartiss.lv\/lt\/wp-json\/wp\/v2\/media\/429723"}],"wp:attachment":[{"href":"https:\/\/nartiss.lv\/lt\/wp-json\/wp\/v2\/media?parent=429722"}],"wp:term":[{"taxonomy":"product_brand","embeddable":true,"href":"https:\/\/nartiss.lv\/lt\/wp-json\/wp\/v2\/product_brand?post=429722"},{"taxonomy":"product_cat","embeddable":true,"href":"https:\/\/nartiss.lv\/lt\/wp-json\/wp\/v2\/product_cat?post=429722"},{"taxonomy":"product_tag","embeddable":true,"href":"https:\/\/nartiss.lv\/lt\/wp-json\/wp\/v2\/product_tag?post=429722"},{"taxonomy":"berocket_brand","embeddable":true,"href":"https:\/\/nartiss.lv\/lt\/wp-json\/wp\/v2\/berocket_brand?post=429722"},{"taxonomy":"woo-feed-brand","embeddable":true,"href":"https:\/\/nartiss.lv\/lt\/wp-json\/wp\/v2\/woo-feed-brand?post=429722"}],"curies":[{"name":"wp","href":"https:\/\/api.w.org\/{rel}","templated":true}]}}