{"id":221264,"date":"2018-05-14T21:39:14","date_gmt":"2018-05-14T21:39:14","guid":{"rendered":"http:\/\/45.56.66.224\/customers\/104484\/?product=natu711-1"},"modified":"2025-11-24T19:31:21","modified_gmt":"2025-11-24T19:31:21","slug":"subkontrabastrompete-nartiss-natu711-1","status":"publish","type":"product","link":"https:\/\/nartiss.lv\/product\/subkontrabastrompete-nartiss-natu711-1\/","title":{"rendered":"Subkontrabastrompete NARTISS NATU711-1"},"content":{"rendered":"<p style=\"margin-bottom: 0.5em; caret-color: rgb(105, 86, 82); color: rgb(105, 86, 82); font-family: &quot;Helvetica Neue&quot;, Arial, Helvetica, sans-serif;\">Lakots<\/p>\n<p style=\"margin-bottom: 0.5em; caret-color: rgb(105, 86, 82); color: rgb(105, 86, 82); font-family: &quot;Helvetica Neue&quot;, Arial, Helvetica, sans-serif;\">Ska\u0146ojums Bb<\/p>\n<p style=\"margin-bottom: 0.5em; caret-color: rgb(105, 86, 82); color: rgb(105, 86, 82); font-family: &quot;Helvetica Neue&quot;, Arial, Helvetica, sans-serif;\">Instrumenta garums &#8211; 2,20 metri<\/p>\n<p style=\"margin-bottom: 0.5em; caret-color: rgb(105, 86, 82); color: rgb(105, 86, 82); font-family: &quot;Helvetica Neue&quot;, Arial, Helvetica, sans-serif;\">Var sadal\u012bt 3 da\u013c\u0101s<\/p>\n<p style=\"margin-bottom: 0.5em; caret-color: rgb(105, 86, 82); color: rgb(105, 86, 82); font-family: &quot;Helvetica Neue&quot;, Arial, Helvetica, sans-serif;\">Futl\u0101ris<\/p>\n","protected":false},"excerpt":{"rendered":"<p>Lakots Ska\u0146ojums Bb Instrumenta garums &#8211; 2,20 metri Var sadal\u012bt 3 da\u013c\u0101s Futl\u0101ris<\/p>\n","protected":false},"featured_media":114588,"template":"","meta":[],"product_brand":[305],"product_cat":[4182],"product_tag":[6712,6713],"berocket_brand":[6011],"woo-feed-brand":[],"class_list":{"0":"post-221264","1":"product","2":"type-product","3":"status-publish","4":"has-post-thumbnail","6":"product_brand-nartiss-latvia","7":"product_cat-pusaminstrumenti","8":"product_tag-nartiss","9":"product_tag-nartiss-latvia","10":"berocket_brand-nartiss-latvia","12":"first","13":"instock","14":"purchasable","15":"product-type-simple"},"_links":{"self":[{"href":"https:\/\/nartiss.lv\/lt\/wp-json\/wp\/v2\/product\/221264","targetHints":{"allow":["GET"]}}],"collection":[{"href":"https:\/\/nartiss.lv\/lt\/wp-json\/wp\/v2\/product"}],"about":[{"href":"https:\/\/nartiss.lv\/lt\/wp-json\/wp\/v2\/types\/product"}],"wp:featuredmedia":[{"embeddable":true,"href":"https:\/\/nartiss.lv\/lt\/wp-json\/wp\/v2\/media\/114588"}],"wp:attachment":[{"href":"https:\/\/nartiss.lv\/lt\/wp-json\/wp\/v2\/media?parent=221264"}],"wp:term":[{"taxonomy":"product_brand","embeddable":true,"href":"https:\/\/nartiss.lv\/lt\/wp-json\/wp\/v2\/product_brand?post=221264"},{"taxonomy":"product_cat","embeddable":true,"href":"https:\/\/nartiss.lv\/lt\/wp-json\/wp\/v2\/product_cat?post=221264"},{"taxonomy":"product_tag","embeddable":true,"href":"https:\/\/nartiss.lv\/lt\/wp-json\/wp\/v2\/product_tag?post=221264"},{"taxonomy":"berocket_brand","embeddable":true,"href":"https:\/\/nartiss.lv\/lt\/wp-json\/wp\/v2\/berocket_brand?post=221264"},{"taxonomy":"woo-feed-brand","embeddable":true,"href":"https:\/\/nartiss.lv\/lt\/wp-json\/wp\/v2\/woo-feed-brand?post=221264"}],"curies":[{"name":"wp","href":"https:\/\/api.w.org\/{rel}","templated":true}]}}