{"id":252238,"date":"2021-12-30T15:39:23","date_gmt":"2021-12-30T15:39:23","guid":{"rendered":"https:\/sazinies-ar-mums\/"},"modified":"2021-12-30T19:11:02","modified_gmt":"2021-12-30T19:11:02","slug":"sazinies-ar-mums","status":"publish","type":"page","link":"https:\/\/nartiss.lv\/lt\/sazinies-ar-mums\/","title":{"rendered":"Sazinies ar mums"},"content":{"rendered":"<div class=\"wpb-content-wrapper\"><p>[vc_row full_width=&#8221;stretch_row_content_no_spaces&#8221; css_animation=&#8221;none&#8221; css=&#8221;.vc_custom_1496927007057{margin-top: -40px !important;margin-bottom: 8vh !important;}&#8221;][vc_column]\t\t\t<div class=\"google-map-container  map-container-with-content\" style=\"height:500px;\" data-map-args='{\"latitude\":\"56.9536298\",\"longitude\":\"24.1324065\",\"zoom\":\"15\",\"mouse_zoom\":\"no\",\"init_type\":\"page_load\",\"init_offset\":\"100\",\"elementor\":false,\"json_style\":\"[{\\\"featureType\\\":\\\"landscape.man_made\\\",\\\"elementType\\\":\\\"all\\\",\\\"stylers\\\":[{\\\"color\\\":\\\"#faf5ed\\\"},{\\\"lightness\\\":\\\"0\\\"},{\\\"gamma\\\":\\\"1\\\"}]},{\\\"featureType\\\":\\\"poi.park\\\",\\\"elementType\\\":\\\"geometry.fill\\\",\\\"stylers\\\":[{\\\"color\\\":\\\"#bae5a6\\\"}]},{\\\"featureType\\\":\\\"road\\\",\\\"elementType\\\":\\\"all\\\",\\\"stylers\\\":[{\\\"weight\\\":\\\"1.00\\\"},{\\\"gamma\\\":\\\"1.8\\\"},{\\\"saturation\\\":\\\"0\\\"}]},{\\\"featureType\\\":\\\"road\\\",\\\"elementType\\\":\\\"geometry.fill\\\",\\\"stylers\\\":[{\\\"hue\\\":\\\"#ffb200\\\"}]},{\\\"featureType\\\":\\\"road.arterial\\\",\\\"elementType\\\":\\\"geometry.fill\\\",\\\"stylers\\\":[{\\\"lightness\\\":\\\"0\\\"},{\\\"gamma\\\":\\\"1\\\"}]},{\\\"featureType\\\":\\\"transit.station.airport\\\",\\\"elementType\\\":\\\"all\\\",\\\"stylers\\\":[{\\\"hue\\\":\\\"#b000ff\\\"},{\\\"saturation\\\":\\\"23\\\"},{\\\"lightness\\\":\\\"-4\\\"},{\\\"gamma\\\":\\\"0.80\\\"}]},{\\\"featureType\\\":\\\"water\\\",\\\"elementType\\\":\\\"all\\\",\\\"stylers\\\":[{\\\"color\\\":\\\"#a0daf2\\\"}]}]\",\"marker_icon\":\"https:\\\/\\\/nartiss.lv\\\/wp-content\\\/themes\\\/woodmart\\\/inc\\\/admin\\\/assets\\\/images\\\/google-icon.png\",\"marker_text_needed\":\"no\",\"marker_text\":\"<h3 style=\\\"min-width:300px; text-align:center; margin:15px;\\\"><\\\/h3>\",\"selector\":\"wd-map-id-69d28732da3df\"}'>\n\n\t\t\t\t\t\t\t\t\n\t\t\t\t\t\t\t\t\n\t\t\t\t<div class=\"wd-google-map-wrapper wd-fill\">\n\t\t\t\t\t<div id=\"wd-map-id-69d28732da3df\" class=\"wd-google-map without-content wd-fill\"><\/div>\n\t\t\t\t<\/div>\n\n\t\t\t\t\t\t\t\t\t<div class=\"wd-google-map-content-wrap container wd-items-middle wd-justify-left\">\n\t\t\t\t\t\t<div class=\"wd-google-map-content reset-last-child\" style=\"max-width: 340px;\">\n\t\t\t\t\t\t\t\t\t\t<div class=\"info-box-wrapper\">\n\t\t\t\t<div id=\"wd-613500cb77c92\" class=\" wd-rs-613500cb77c92 wd-info-box wd-wpb text-left box-icon-align-left box-style- color-scheme- wd-bg-none with-btn box-btn-static vc_custom_1630863587581\"  >\n\t\t\t\t\t\t\t\t\t\t<div class=\"info-box-content\">\n\t\t\t\t\t\t<div class=\"info-box-subtitle subtitle-color-default wd-fontsize-xs subtitle-style-default wd-font-weight-\">M\u016bsu veikals<\/div><h4 class=\"info-box-title title wd-font-weight- box-title-style-default wd-fontsize-m\">Draudz\u012bgais m\u016bzikas veikals NartissLV<\/h4>\t\t\t\t\t\t<div class=\"info-box-inner set-cont-mb-s reset-last-child\">\n\t\t\t\t\t\t\t<p>A. \u010caka 46, R\u012bga, LV1011<\/p>\n\t\t\t\t\t\t<\/div>\n\n\t\t\t\t\t\t<div class=\"info-btn-wrapper\"><div id=\"wd-69d28732da4c6\" class=\" wd-button-wrapper text-left\"><a  class=\"btn btn-color-default btn-style-link btn-shape-rectangle btn-size-default\">See More About<\/a><\/div><\/div>\t\t\t\t\t<\/div>\n\n\t\t\t\t\t\t\t\t\t<\/div>\n\t\t\t<\/div>\n\t\t\t\t\t\t\t\t<\/div>\n\t\t\t\t\t<\/div>\n\t\t\t\t\t\t\t<\/div>\n\t\t[\/vc_column][\/vc_row][vc_row equal_height=&#8221;yes&#8221; css_animation=&#8221;none&#8221; css=&#8221;.vc_custom_1496926452255{margin-right: -50px !important;margin-left: -50px !important;}&#8221;][vc_column css=&#8221;.vc_custom_1496927710186{border-right-width: 1px !important;padding-top: 20px !important;padding-right: 50px !important;padding-bottom: 10px !important;padding-left: 50px !important;border-right-color: #e8e8e8 !important;border-right-style: solid !important;}&#8221; offset=&#8221;vc_col-lg-6 vc_col-md-6&#8243;]\t\t\n\t\t<div id=\"wd-613506509cfc6\" class=\"title-wrapper wd-wpb set-mb-s reset-last-child  wd-rs-613506509cfc6 wd-title-color-default wd-underline-colored wd-title-style-default wd-width-100 text-left \">\n\t\t\t\t\t\t\t<div class=\"title-subtitle  subtitle-color-default font-default subtitle-style-default wd-font-weight- wd-fontsize-xs\">Inform\u0101cija<\/div>\n\t\t\t\n\t\t\t<div class=\"liner-continer\">\n\t\t\t\t<h4 class=\"woodmart-title-container title  wd-font-weight- wd-fontsize-l\" >BIE\u017d\u0100K UZDOTIE JAUT\u0100JUMI<\/h4>\n\t\t\t\t\t\t\t<\/div>\n\t\t\t\n\t\t\t\n\t\t\t\n\t\t<\/div>\n\t\t\n\t\t[vc_tta_accordion shape=&#8221;square&#8221; color=&#8221;white&#8221; c_icon=&#8221;chevron&#8221; c_position=&#8221;right&#8221; active_section=&#8221;1&#8243; no_fill=&#8221;true&#8221; collapsible_all=&#8221;true&#8221;][vc_tta_section title=&#8221;Vai es sa\u0146em\u0161u tie\u0161i t\u0101du pa\u0161u preci k\u0101da t\u0101 ir att\u0113l\u0101?&#8221; tab_id=&#8221;1484049984208-4e284a2e-4b83&#8243;][vc_column_text woodmart_inline=&#8221;no&#8221; text_larger=&#8221;no&#8221;]Prece vair\u0101k vai maz\u0101k atbilst att\u0113los redz\u0113tajam, tom\u0113r j\u0101\u0146em v\u0113r\u0101, ka m\u0113s pamat\u0101 izmantojam ra\u017eot\u0101ju pied\u0101v\u0101tos pre\u010du att\u0113lus un da\u017ereiz gad\u0101s, ka pre\u010du izskats laika gait\u0101 tiek uzlabots, produktu fotograf\u0113\u0161anai tiek organiz\u0113tas speci\u0101las fotosesijas, turkl\u0101t t\u0101s p\u0113c tam tiek apstr\u0101d\u0101tas bil\u017eu apstr\u0101des programm\u0101s.<br \/>\nL\u012bdz ar to, m\u0113s dro\u0161\u0101k atbildam, ka pre\u010du att\u0113li ir ilustrat\u012bvi un par papildus jaut\u0101jumiem \u0161aj\u0101 sakar\u0101 l\u016bdzam zvan\u012bt vai rakst\u012bt.[\/vc_column_text][\/vc_tta_section][vc_tta_section title=&#8221;Kur es varu redz\u0113t pas\u016bt\u012bjuma apstiprin\u0101jumu?&#8221; tab_id=&#8221;1484056430132-f06cc1b5-a7ca&#8221;][vc_column_text woodmart_inline=&#8221;no&#8221; text_larger=&#8221;no&#8221;]Jekb\u0101da inform\u0101cija par veikto pas\u016bt\u012bjumu tiek nos\u016bt\u012bta uz J\u016bsu pas\u016bt\u012bjum\u0101 nor\u0101d\u012bto e-pastu.<\/p>\n<p>Ja t\u0101ds e-pasts nav sa\u0146emts, tad l\u016bdzam sazin\u0101ties ar Draudz\u012bgo m\u016bzikas veikalu NartissLV.[\/vc_column_text][\/vc_tta_section][vc_tta_section title=&#8221;K\u0101 es varu atgriezt ieg\u0101d\u0101to preci?&#8221; tab_id=&#8221;1484049984302-e0b553b6-82dc&#8221;][vc_column_text woodmart_inline=&#8221;no&#8221; text_larger=&#8221;no&#8221;]Pre\u010du atgrie\u0161ana notiek saska\u0146\u0101 ar Latvijas republikas likumdo\u0161anu. J\u0101\u0146em v\u0113r\u0101, ka atgrie\u017eamajai precei ir j\u0101b\u016bt ori\u0123in\u0101laj\u0101 iepakojum\u0101. T\u0101 nedr\u012bkst b\u016bt boj\u0101ta un bez ac\u012bmredzamiem boj\u0101jumiem.<\/p>\n<p>Par atgrie\u0161anu l\u016bdzu sazin\u0101ties ar Draudz\u012bgo m\u016bzikas veikalu NartissLV.[\/vc_column_text][\/vc_tta_section][vc_tta_section title=&#8221;Pre\u010du pieejam\u012bba&#8221; tab_id=&#8221;1484057271889-b3b2ad15-15f7&#8243;][vc_column_text woodmart_inline=&#8221;no&#8221; text_larger=&#8221;no&#8221;]Draudz\u012bgajam M\u016bzikas veikalam NartissLV ir pietiekami liela noliktava, turkl\u0101t laika gait\u0101 esam apzin\u0101ju\u0161i piepras\u012bt\u0101ko un aktu\u0101l\u0101ko sortimentu. L\u012bdz ar to liela da\u013ca piepras\u012bt\u0101ko pre\u010du mums ir uz vietas.<\/p>\n<p>Ja k\u0101da prece nav uz vietas, tad to pieg\u0101de notiek \u013coti operat\u012bvi, jo m\u0113s esam past\u0101v\u012bg\u0101 kontakt\u0101 ar ra\u017eot\u0101jiem un vairumtirgot\u0101jiem.<\/p>\n<p>Pieg\u0101de parasti, ja prece nav uz vietas, notiek 1 dienas l\u012bdz 3 ned\u0113\u013c\u0101m. Da\u017ereiz tom\u0113r gad\u0101s aiz\u0137er\u0161an\u0101s, ja ra\u017eot\u0101jam konkr\u0113t\u0101 prece nav pieejama un ir aiz\u0137er\u0161an\u0101s ar t\u0101s ra\u017eo\u0161anu vai pieg\u0101di.[\/vc_column_text][\/vc_tta_section][vc_tta_section title=&#8221;K\u0101da ir pieg\u0101\u017eu \u0123eogr\u0101fija?&#8221; tab_id=&#8221;1484056425804-e857e9fe-0c57&#8243;][vc_column_text woodmart_inline=&#8221;no&#8221; text_larger=&#8221;no&#8221;]Pieg\u0101des varam veikt un veicam pa visu pasauli.[\/vc_column_text][\/vc_tta_section][\/vc_tta_accordion][\/vc_column][vc_column css=&#8221;.vc_custom_1496927688909{padding-top: 20px !important;padding-right: 50px !important;padding-bottom: 10px !important;padding-left: 50px !important;}&#8221; offset=&#8221;vc_col-lg-6 vc_col-md-6&#8243;]\t\t\n\t\t<div id=\"wd-69d28732da561\" class=\"title-wrapper wd-wpb set-mb-s reset-last-child  wd-title-color-default wd-underline-colored wd-title-style-default wd-width-100 text-left \">\n\t\t\t\t\t\t\t<div class=\"title-subtitle  subtitle-color-default font-default subtitle-style-default wd-font-weight- wd-fontsize-xs\">INFORMATION ABOUT US<\/div>\n\t\t\t\n\t\t\t<div class=\"liner-continer\">\n\t\t\t\t<h4 class=\"woodmart-title-container title  wd-font-weight- wd-fontsize-l\" >CONTACT US FOR ANY QUESTIONS<\/h4>\n\t\t\t\t\t\t\t<\/div>\n\t\t\t\n\t\t\t\n\t\t\t\n\t\t<\/div>\n\t\t\n\t\t\n<div class=\"wpcf7 no-js\" id=\"wpcf7-f608-o1\" lang=\"en-US\" dir=\"ltr\" data-wpcf7-id=\"608\">\n<div class=\"screen-reader-response\"><p role=\"status\" aria-live=\"polite\" aria-atomic=\"true\"><\/p> <ul><\/ul><\/div>\n<form action=\"\/lt\/wp-json\/wp\/v2\/pages\/252238#wpcf7-f608-o1\" method=\"post\" class=\"wpcf7-form init\" aria-label=\"Contact form\" novalidate=\"novalidate\" data-status=\"init\">\n<fieldset class=\"hidden-fields-container\"><input type=\"hidden\" name=\"_wpcf7\" value=\"608\" \/><input type=\"hidden\" name=\"_wpcf7_version\" value=\"6.1.5\" \/><input type=\"hidden\" name=\"_wpcf7_locale\" value=\"en_US\" \/><input type=\"hidden\" name=\"_wpcf7_unit_tag\" value=\"wpcf7-f608-o1\" \/><input type=\"hidden\" name=\"_wpcf7_container_post\" value=\"0\" \/><input type=\"hidden\" name=\"_wpcf7_posted_data_hash\" value=\"\" \/><input type=\"hidden\" name=\"_wpcf7_recaptcha_response\" value=\"\" \/>\n<\/fieldset>\n<div class=\"row\">\n\t<div class=\"col-md-6\" style='margin-bottom:20px;'>\n\t\t<p><label>Your Name<\/label><span class=\"wpcf7-form-control-wrap\" data-name=\"your-name\"><input size=\"40\" maxlength=\"400\" class=\"wpcf7-form-control wpcf7-text wpcf7-validates-as-required\" aria-required=\"true\" aria-invalid=\"false\" value=\"\" type=\"text\" name=\"your-name\" \/><\/span>\n\t\t<\/p>\n\t<\/div>\n\t<div class=\"col-md-6\" style='margin-bottom:20px;'>\n\t\t<p><label>Your Email<\/label><span class=\"wpcf7-form-control-wrap\" data-name=\"your-email\"><input size=\"40\" maxlength=\"400\" class=\"wpcf7-form-control wpcf7-email wpcf7-validates-as-required wpcf7-text wpcf7-validates-as-email\" aria-required=\"true\" aria-invalid=\"false\" value=\"\" type=\"email\" name=\"your-email\" \/><\/span>\n\t\t<\/p>\n\t<\/div>\n<\/div>\n<div class=\"row\">\n\t<div class=\"col-md-6\" style='margin-bottom:20px;'>\n\t\t<p><label>Phone Number<\/label><span class=\"wpcf7-form-control-wrap\" data-name=\"tel-767\"><input size=\"40\" maxlength=\"400\" class=\"wpcf7-form-control wpcf7-tel wpcf7-text wpcf7-validates-as-tel\" aria-invalid=\"false\" value=\"\" type=\"tel\" name=\"tel-767\" \/><\/span>\n\t\t<\/p>\n\t<\/div>\n\t<div class=\"col-md-6\" style='margin-bottom:20px;'>\n\t\t<p><label>Company<\/label><span class=\"wpcf7-form-control-wrap\" data-name=\"text-1\"><input size=\"40\" maxlength=\"400\" class=\"wpcf7-form-control wpcf7-text\" aria-invalid=\"false\" value=\"\" type=\"text\" name=\"text-1\" \/><\/span>\n\t\t<\/p>\n\t<\/div>\n<\/div>\n<p><label>Your Message<\/label><span class=\"wpcf7-form-control-wrap\" data-name=\"your-message\"><textarea cols=\"40\" rows=\"10\" maxlength=\"2000\" class=\"wpcf7-form-control wpcf7-textarea\" aria-invalid=\"false\" name=\"your-message\"><\/textarea><\/span>\n<\/p>\n<p>\n<span class=\"wpcf7-form-control-wrap recaptcha\" data-name=\"recaptcha\"><span data-sitekey=\"6Lfxdt8dAAAAAAwXykrVDnKvJXjnSM6OETaEso7T\" class=\"wpcf7-form-control wpcf7-recaptcha g-recaptcha\"><\/span>\r\n<noscript>\r\n\t<div class=\"grecaptcha-noscript\">\r\n\t\t<iframe loading=\"lazy\" src=\"https:\/\/www.recaptcha.net\/recaptcha\/api\/fallback?k=6Lfxdt8dAAAAAAwXykrVDnKvJXjnSM6OETaEso7T\" frameborder=\"0\" scrolling=\"no\" width=\"310\" height=\"430\">\r\n\t\t<\/iframe>\r\n\t\t<textarea name=\"g-recaptcha-response\" rows=\"3\" cols=\"40\" placeholder=\"reCaptcha Response Here\">\r\n\t\t<\/textarea>\r\n\t<\/div>\r\n<\/noscript>\r\n<\/span>\n<\/p>\n<p><input class=\"wpcf7-form-control wpcf7-submit has-spinner btn-color-black\" type=\"submit\" value=\"ASK A QUESTION\" \/>\n<\/p><div class=\"wpcf7-response-output\" aria-hidden=\"true\"><\/div>\n<\/form>\n<\/div>\n[vc_column_text woodmart_inline=&#8221;no&#8221; text_larger=&#8221;no&#8221;]T\u0101lrunis <a href=\"tel:(+371)%2020011121\">(+371) 20011121<\/a><br \/>\ne-pasts <a href=\"mailto:%20info@nartisslv\">info@nartisslv<\/a>[\/vc_column_text][\/vc_column][\/vc_row]<\/p>\n<\/div>","protected":false},"excerpt":{"rendered":"<p>[vc_row full_width=&#8221;stretch_row_content_no_spaces&#8221; css_animation=&#8221;none&#8221; css=&#8221;.vc_custom_1496927007057{margin-top: -40px !important;margin-bottom: 8vh !important;}&#8221;][vc_column][\/vc_column][\/vc_row][vc_row equal_height=&#8221;yes&#8221; css_animation=&#8221;none&#8221; css=&#8221;.vc_custom_1496926452255{margin-right: -50px !important;margin-left: -50px !important;}&#8221;][vc_column css=&#8221;.vc_custom_1496927710186{border-right-width: 1px !important;padding-top: 20px !important;padding-right:<\/p>\n","protected":false},"author":102,"featured_media":0,"parent":0,"menu_order":0,"comment_status":"closed","ping_status":"closed","template":"","meta":{"footnotes":""},"class_list":["post-252238","page","type-page","status-publish","hentry"],"_links":{"self":[{"href":"https:\/\/nartiss.lv\/lt\/wp-json\/wp\/v2\/pages\/252238","targetHints":{"allow":["GET"]}}],"collection":[{"href":"https:\/\/nartiss.lv\/lt\/wp-json\/wp\/v2\/pages"}],"about":[{"href":"https:\/\/nartiss.lv\/lt\/wp-json\/wp\/v2\/types\/page"}],"author":[{"embeddable":true,"href":"https:\/\/nartiss.lv\/lt\/wp-json\/wp\/v2\/users\/102"}],"replies":[{"embeddable":true,"href":"https:\/\/nartiss.lv\/lt\/wp-json\/wp\/v2\/comments?post=252238"}],"version-history":[{"count":0,"href":"https:\/\/nartiss.lv\/lt\/wp-json\/wp\/v2\/pages\/252238\/revisions"}],"wp:attachment":[{"href":"https:\/\/nartiss.lv\/lt\/wp-json\/wp\/v2\/media?parent=252238"}],"curies":[{"name":"wp","href":"https:\/\/api.w.org\/{rel}","templated":true}]}}