{"id":252230,"date":"2021-12-30T15:36:07","date_gmt":"2021-12-30T15:36:07","guid":{"rendered":"https:\/privatuma-politika\/"},"modified":"2021-12-30T19:04:33","modified_gmt":"2021-12-30T19:04:33","slug":"privatuma-politika","status":"publish","type":"page","link":"https:\/\/nartiss.lv\/lt\/privatuma-politika\/","title":{"rendered":"Priv\u0101tuma politika"},"content":{"rendered":"<h1 class=\"heading-title\">Priv\u0101tuma politika &#8211; (VDAR)<\/h1>\n<p>Uz\u0146\u0113mum\u0101 SIA &#8222;ES projekti&#8221;, kas ir M\u016bzikas veikala NartissLV juridiskais p\u0101rst\u0101vis, m\u0113s lielu v\u0113r\u012bbu velt\u0101m savu klientu personisk\u0101s konfidencialit\u0101tes aizsardz\u012bbai. M\u016bsu pazi\u0146ojum\u0101 par datu aizsardz\u012bbu ir aprakst\u012bts, k\u0101 m\u0113s saglab\u0101jam un izmantojam j\u016bsu personas datus, k\u0101 ar\u012b paskaidrots, k\u0101d\u0113\u013c m\u0113s to dar\u0101m.<\/p>\n<p><strong>M\u0113s apstr\u0101d\u0101jam j\u016bsu personas datus, lai:<\/strong><\/p>\n<p>var\u0113tu administr\u0113t j\u016bsu pirkumu, kad j\u016bs pie mums iep\u0113rkaties, k\u0101 ar\u012b p\u0101rvald\u012bt j\u016bsu kontu, ja esat izv\u0113l\u0113ju\u0161ies to izveidot. Piem\u0113ram, lai nodro\u0161in\u0101tu jums iesp\u0113ju izmantot funkcijas, kas jums ir pieejamas tad, ja jums ir savs konts. M\u0113s to dar\u0101m ar\u012b t\u0101d\u0113\u013c, lai sazi\u0146a ar mums un m\u016bsu pied\u0101v\u0101jumi jums b\u016btu p\u0113c iesp\u0113jas atbilst\u012bgi un interesanti. Tas noz\u012bm\u0113, ka m\u0113s ar e-pasta, \u012bszi\u0146u un pasta starpniec\u012bbu nos\u016bt\u0101m jums inform\u0101ciju, kas izriet no j\u016bsu pirkumu v\u0113stures un iepriek\u0161 izr\u0101d\u012bt\u0101s intereses.<\/p>\n<p><strong>K\u0101das ir j\u016bsu ties\u012bbas ietekm\u0113t to, k\u0101 m\u0113s apstr\u0101d\u0101jam j\u016bsu personas datus?<\/strong><\/p>\n<p>Jums ir da\u017e\u0101das Visp\u0101r\u012bgaj\u0101 datu aizsardz\u012bbas regul\u0101 (VDAR) paredz\u0113tas ties\u012bbas, tostarp ties\u012bbas iebilst pret datu izmanto\u0161anu tirgved\u012bbas nol\u016bk\u0101.<\/p>\n<p><strong>Kur\u0161 ir atbild\u012bgs par j\u016bsu personas datu apstr\u0101di?<\/strong><\/p>\n<p>Par j\u016bsu personas datu apstr\u0101di esam atbild\u012bgi SIA ES projekti, ar re\u0123istr\u0101cijas numuru 40003824633 (\u201dSIA ES projekti\u201d).<\/p>\n<p>Datu aizsardz\u012bba mums ir \u013coti svar\u012bga. \u0160aj\u0101 pazi\u0146ojum\u0101 m\u0113s inform\u0113jam j\u016bs par to, k\u0101 m\u0113s apstr\u0101d\u0101jam j\u016bsu personas datus, kurus j\u016bs nor\u0101d\u0101t, lai pie mums iepirktos, apmekl\u0113tu m\u016bsu t\u012bmek\u013cvietni un veiktu identifik\u0101ciju, izveidotu un lietotu savu kontu, k\u0101 ar\u012b sa\u0146emtu no mums pazi\u0146ojumus par jaunumiem, \u012bszi\u0146as, pasta s\u016bt\u012bjumus un citu inform\u0101ciju, kas saist\u012bta ar m\u016bsu darb\u012bbu tirg\u016b.<\/p>\n<p>Ja jums ir jaut\u0101jumi saist\u012bb\u0101 ar j\u016bsu personas datu apstr\u0101di vai j\u016bs v\u0113laties sazin\u0101ties ar mums, lai izmantotu savas ties\u012bbas, dro\u0161i v\u0113rsieties pie SIA ES projekti, visvienk\u0101r\u0161\u0101k to var izdar\u012bt, nos\u016btot zi\u0146u uz info@. M\u016bsu pasta adrese ir SIA ES projekti, A. \u010caka 46, R\u012bga, LV1011, turkl\u0101t j\u016bs varat mums zvan\u012bt uz <strong>t\u0101lru\u0146a numuru +371 20011121<\/strong>.<\/p>\n<p><strong>K\u0101 m\u0113s apstr\u0101d\u0101jam j\u016bsu personas datus?<\/strong><\/p>\n<p>Nol\u016bki, k\u0101dos m\u0113s apstr\u0101d\u0101jam j\u016bsu personas datus, ir \u0161\u0101di:<\/p>\n<ul>\n<li>j\u016bsu pirkuma administr\u0113\u0161ana, kad j\u016bs pie mums iep\u0113rkaties;<\/li>\n<li>j\u016bsu konta p\u0101rvald\u012b\u0161ana, ja jums ir izveidots konts, piem\u0113ram, lai var\u0113tu izmantot funkcijas, kas ir pieejamas tikai savu kontu \u012bpa\u0161niekiem;<\/li>\n<li>ar p\u0101rdo\u0161anu saist\u012btas inform\u0101cijas nos\u016bt\u012b\u0161ana jums pa e-pastu, \u012bszi\u0146\u0101s vai pa pastu;<\/li>\n<li>individualiz\u0113tu, jums piem\u0113rotu pied\u0101v\u0101jumu izveide, vadoties p\u0113c j\u016bsu pirkumu v\u0113stures un par noteikt\u0101m prec\u0113m izr\u0101d\u012bt\u0101s intereses, piem\u0113ram, noklik\u0161\u0137inot uz t\u0101m m\u016bsu inform\u0101cijas lap\u0101 vai atverot saiti \u012bszi\u0146\u0101;<\/li>\n<li>sp\u0113k\u0101 eso\u0161o likumu un noteikumu pras\u012bbu izpilde;<\/li>\n<li>t\u012bmek\u013cvietnes optimiz\u0101cija, lai padar\u012btu to p\u0113c iesp\u0113jas \u0113rti lietojamu un funkcion\u0101lu.<\/li>\n<\/ul>\n<p>SIA ES projekti ir \u013coti svar\u012bgi, lai viss, kas saist\u012bts ar j\u016bsu personas datu apstr\u0101di, jums b\u016btu skaidri saprotams un p\u0101rredzams. J\u016bs v\u0113laties uzzin\u0101t vair\u0101k par savu personas datu apstr\u0101des nol\u016bkiem? Par tiem j\u016bs varat izlas\u012bt \u0161\u012b pazi\u0146ojuma beig\u0101s. Taj\u0101 ir s\u012bk\u0101k aprakst\u012bti gan j\u016bsu personas datu apstr\u0101des nol\u016bki, gan tas, k\u0101dus personas datus m\u0113s apstr\u0101d\u0101jam un cik ilgi tas notiek. Turkl\u0101t j\u016bs varat iepaz\u012bties ar personas datu apstr\u0101des tiesisko pamatojumu saska\u0146\u0101 ar ES Visp\u0101r\u012bgo datu aizsardz\u012bbas regulu (VDAR).<\/p>\n<p><strong>K\u0101 m\u0113s aizsarg\u0101jam j\u016bsu personas datus?<\/strong><\/p>\n<p>Lai nodro\u0161in\u0101tu j\u016bsu personas datu aizsardz\u012bbu, m\u0113s un m\u016bsu sadarb\u012bbas partneri esam veiku\u0161i virkni organizatorisku un tehnisku dro\u0161\u012bbas pas\u0101kumu. M\u0113s veicam akt\u012bvu darbu, lai nodro\u0161in\u0101tu ES Visp\u0101r\u012bg\u0101s datu aizsardz\u012bbas regulas (VDAR) iev\u0113ro\u0161anu. M\u016bsu r\u012bc\u012bb\u0101 ir liels skaits inform\u0101cijas tehnolo\u0123iju sist\u0113mu un funkciju, kas pal\u012bdz mums aizsarg\u0101t j\u016bsu personas datus pret neat\u013cautu piek\u013cuvi. Turkl\u0101t m\u0113s izmantojam iek\u0161\u0113jus meh\u0101nismus, kas nodro\u0161ina, ka j\u016bsu dati nav pieejami liel\u0101kam personu skaitam, nek\u0101 tas ir nepiecie\u0161ams.<\/p>\n<p><strong>Vai jums ir j\u0101atkl\u0101j mums savi personas dati, un kas notiek, ja j\u016bs to nedar\u0101t?<\/strong><\/p>\n<p>Lai j\u016bs var\u0113tu sa\u0146emt no mums konkr\u0113tus pakalpojumus un nosl\u0113gt l\u012bgumu ar SIA ES projekti, jums ir j\u0101pazi\u0146o mums noteikti personas dati. Piem\u0113ram, ja m\u016bsu r\u012bc\u012bb\u0101 neb\u016bs personas datu, kas nepiecie\u0161ami ar jums nosl\u0113gt\u0101 l\u012bguma izpildei, m\u0113s nevar\u0113sim jums pieg\u0101d\u0101t j\u016bsu pas\u016bt\u012bt\u0101s preces.<\/p>\n<p>Ja j\u016bs neb\u016bsiet sniegu\u0161i mums inform\u0101ciju, kas j\u0101apstr\u0101d\u0101, lai noskaidrotu j\u016bs interes\u0113jo\u0161\u0101s preces, m\u0113s nevar\u0113sim veikt j\u016bsu personas datu apstr\u0101di \u0161aj\u0101 nol\u016bk\u0101. J\u016bsu piekri\u0161ana ir nepiecie\u0161ama, piem\u0113ram, lai j\u016bs e-past\u0101, \u012bszi\u0146\u0101s vai pa pastu sa\u0146emtu pazi\u0146ojumus par jaunumiem un pied\u0101v\u0101jumus ar\u012b turpm\u0101k, ilg\u0101k\u0101 laikposm\u0101, nek\u0101 m\u0113s parasti s\u016bt\u0101m jums inform\u0101ciju (skat. turpm\u0101k).<\/p>\n<p><strong>Kur\u0161 var piek\u013c\u016bt j\u016bsu personas datiem?<\/strong><\/p>\n<p>J\u016bsu personas datus k\u0101 pamatinform\u0101ciju apstr\u0101d\u0101 tikai un vien\u012bgi SIA ES projekti. Ta\u010du SIA ES projekti var nodot j\u016bsu personas datus t\u0101l\u0101k, ja tas ir nepiecie\u0161ams, piem\u0113ram, lai m\u0113s var\u0113tu izpild\u012bt ar jums nosl\u0113gto l\u012bgumu vai sa\u0146emt atbalstu liet\u0101s, kas nav saist\u012btas ar m\u016bsu pamatdarb\u012bbu, un t\u0101d\u0113j\u0101di pied\u0101v\u0101t jums preces par izdev\u012bg\u0101m cen\u0101m.<\/p>\n<p><strong>\u0160eit ir izkl\u0101st\u012bta s\u012bk\u0101ka inform\u0101cija par j\u016bsu personas datu nodo\u0161anu t\u0101l\u0101k:<\/strong><\/p>\n<ul>\n<li>m\u0113s nododam j\u016bsu personas datus saviem \u0101r\u0113jiem klientu apkalpo\u0161anas dienestiem, lai nodro\u0161in\u0101tu jums kvalitat\u012bvu servisu;<\/li>\n<li>lai var\u0113tu p\u0101rdod jums preces, kuras v\u0113laties ieg\u0101d\u0101ties, m\u0113s nododam j\u016bsu personas datus pieg\u0101d\u0101t\u0101jiem, kuri pied\u0101v\u0101 j\u016bsu izv\u0113l\u0113t\u0101s samaksas iesp\u0113jas. Atkar\u012bb\u0101 no izraudz\u012bt\u0101 samaksas varianta tas, k\u0101dus datus un k\u0101d\u0101 veid\u0101 apstr\u0101d\u0101 pieg\u0101d\u0101t\u0101ji, var at\u0161\u0137irties;<\/li>\n<li>m\u0113s pazi\u0146ojam j\u016bsu personas datus savam p\u0101rvad\u0101t\u0101jam, lai var\u0113tu nog\u0101d\u0101t jums j\u016bsu nopirkt\u0101s preces vai sa\u0146emt t\u0101s atpaka\u013c gad\u012bjum\u0101, ja j\u016bs atsak\u0101ties no pirkuma vai v\u0113laties apmain\u012bt ieg\u0101d\u0101t\u0101s preces. Tas tiek dar\u012bts, lai p\u0101rvad\u0101t\u0101js var\u0113tu veikt pieg\u0101di un nos\u016bt\u012bt jums inform\u0101ciju par to, ka s\u016bt\u012bjums ir gatavs iz\u0146em\u0161anai;<\/li>\n<li>m\u0113s nor\u0101d\u0101m j\u016bsu personas kodu, lai var\u0113tu ieg\u016bt un ievad\u012bt datus, kurus tie\u0161\u0101 veid\u0101 no jums neesam sa\u0146\u0113mu\u0161i un kuri ir nepiecie\u0161ami, lai noform\u0113tu m\u016bsu pirkumu vai izveidotu j\u016bsu kontu pie m\u016bsu attiec\u012bg\u0101 pakalpojumu sniedz\u0113ja;<\/li>\n<li>m\u0113s nor\u0101d\u0101m j\u016bsu personas kodu pieg\u0101d\u0101t\u0101jam, kur\u0161 pal\u012bdz mums nodro\u0161in\u0101t, ka m\u016bsu r\u012bc\u012bb\u0101 eso\u0161\u0101 j\u016bsu kontaktinform\u0101cija ir pareiza;<\/li>\n<li>m\u0113s nododam inform\u0101ciju par j\u016bsu pirkumu v\u0113sturi pakalpojumu sniedz\u0113jam, kur\u0161 to analiz\u0113, lai izstr\u0101d\u0101tu m\u016bsu sniegto pakalpojumu, pre\u010du pied\u0101v\u0101juma un klientu apkalpo\u0161anas uzlabo\u0161anas iesp\u0113jas;<\/li>\n<li>ja j\u016bs savlaic\u012bgi neveicat samaksu, m\u0113s nododam j\u016bsu personas datus par\u0101du piedzi\u0146as pakalpojumu sniedz\u0113jam;<\/li>\n<li>m\u0113s nododam j\u016bsu personas datus tipogr\u0101fij\u0101m un pasta uz\u0146\u0113mumiem, kas nodro\u0161ina m\u016bsu marketinga inform\u0101cijas nos\u016bt\u012b\u0161anu;<\/li>\n<li>\u201cMaks\u0101jumu apstr\u0101di nodro\u0161ina maks\u0101jumu platforma <a href=\"https:\/\/makecommerce.lv\/\" target=\"_blank\" rel=\"noopener nofollow\">makecommerce.lv<\/a>, t\u0101p\u0113c m\u016bsu uz\u0146\u0113mums maks\u0101jumu izpildei nepiecie\u0161amos personas datus nodod platformas \u012bpa\u0161niekam Maksekeskus AS.<\/li>\n<\/ul>\n<p>SIA ES projekti nodod j\u016bsu personas datus ar\u012b izv\u0113l\u0113tiem \u0101rpakalpojumu sniedz\u0113jiem m\u016bsu izmantoto inform\u0101cijas tehnolo\u0123iju jom\u0101, ta\u010du tikai t\u0101d\u0101 apm\u0113r\u0101, k\u0101ds nepiecie\u0161ams, lai pakalpojumu sniedz\u0113js var\u0113tu izpild\u012bt savas saist\u012bbas attiec\u012bb\u0101 pret mums.<\/p>\n<p>Ja v\u0113laties sa\u0146emt s\u012bk\u0101ku inform\u0101ciju par konkr\u0113tiem uz\u0146\u0113mumiem un iest\u0101d\u0113m, kas no mums sa\u0146em j\u016bsu personas datus, j\u016bs jebkur\u0101 br\u012bd\u012b varat v\u0113rsties pie mums.<\/p>\n<p><strong>Vai m\u0113s nos\u016bt\u0101m j\u016bsu personas datus \u0101rpus ES\/EEZ?<\/strong><\/p>\n<p>SIA ES projekti princip\u0101 apstr\u0101d\u0101 j\u016bsu personas datus tikai ES\/EEZ teritorij\u0101, ta\u010du atsevi\u0161\u0137os gad\u012bjumos var izmantot pakalpojumu sniedz\u0113jus \u0101rpus ES\/EEZ. Ja m\u0113s nos\u016bt\u0101m j\u016bsu personas datus \u0101rpus ES\/EEZ, tas tiek dar\u012bts tikai tad, ja \u0161\u0101da nos\u016bt\u012b\u0161ana ir pamatota un tiek iev\u0113rotas ES Visp\u0101r\u012bg\u0101s datu aizsardz\u012bbas regulas (VDAR) pras\u012bbas.<\/p>\n<p><strong>K\u0101das ir j\u016bsu ties\u012bbas ietekm\u0113t to, k\u0101 m\u0113s apstr\u0101d\u0101jam j\u016bsu personas datus?<\/strong><\/p>\n<p>Saska\u0146\u0101 ar ES Visp\u0101r\u012bgo datu aizsardz\u012bbas regulu (VDAR) jums saist\u012bb\u0101 ar j\u016bsu personas datu apstr\u0101di ir noteiktas ties\u012bbas. Turpm\u0101kaj\u0101 da\u013c\u0101 m\u0113s atspogu\u013cojam j\u016bsu ties\u012bbas un to noz\u012bmi. Lai izmantotu savas ties\u012bbas, jums ir j\u0101sazin\u0101s ar mums, izmantojot turpm\u0101k nor\u0101d\u012bto kontaktinform\u0101ciju.<\/p>\n<p><strong>Piekri\u0161anas atsaukums<\/strong><\/p>\n<p>Ja m\u0113s apstr\u0101d\u0101jam j\u016bsu personas datus uz j\u016bsu piekri\u0161anas pamata, jums ir ties\u012bbas piln\u012bb\u0101 vai da\u013c\u0113ji atsaukt sniegto piekri\u0161anu savu personas datu apstr\u0101dei. Piekri\u0161anas atsaukums st\u0101jas sp\u0113k\u0101 taj\u0101 pa\u0161\u0101 dien\u0101, kad tas sa\u0146emts.<\/p>\n<p><strong>Piek\u013cuves ties\u012bbas<\/strong><\/p>\n<p>Jums ir ties\u012bbas sa\u0146emt apstiprin\u0101jumu par to, k\u0101 j\u016bsu personas dati tiek apstr\u0101d\u0101ti, k\u0101 ar\u012b piek\u013c\u016bt ar personas datu apstr\u0101di saist\u012btajai inform\u0101cijai, piem\u0113ram, par apstr\u0101des nol\u016bkiem un apstr\u0101dei pak\u013cautaj\u0101m personas datu kategorij\u0101m. Jums ir ties\u012bbas ar\u012b sa\u0146emt apstr\u0101dei pak\u013cauto personas datu kopiju.<\/p>\n<p><strong>Labo\u0161anas ties\u012bbas<\/strong><\/p>\n<p>Turkl\u0101t jums ir ties\u012bbas piepras\u012bt, lai bez nepamatotas kav\u0113\u0161an\u0101s tiktu izlaboti neprec\u012bzi personas dati, k\u0101 ar\u012b, lai nepiln\u012bgi personas dati tiktu papildin\u0101ti, sniedzot papildu pazi\u0146ojumu.<\/p>\n<p><strong>Ties\u012bbas uz dz\u0113\u0161anu (ties\u012bbas \u201etikt aizmirstam\u201d)<\/strong><\/p>\n<p>Jums ir ties\u012bbas piepras\u012bt, lai j\u016bsu personas dati tiktu izdz\u0113sti, ja:<\/p>\n<ul>\n<li>personas dati vairs nav nepiecie\u0161ami saist\u012bb\u0101 ar nol\u016bkiem, k\u0101dos tie tika v\u0101kti vai cit\u0101di apstr\u0101d\u0101ti;<\/li>\n<li>j\u016bs atsauc savu piekri\u0161anu, uz kuras pamata veikta apstr\u0101de un ja nav cita likum\u012bga pamata apstr\u0101dei;<\/li>\n<li>j\u016bs iebilstat pret apstr\u0101di, ta\u010du ar nosac\u012bjumu, ka apstr\u0101dei nav cita le\u0123it\u012bma pamata, kas ir svar\u012bg\u0101ks par j\u016bsu pamatotaj\u0101m ties\u012bb\u0101m piepras\u012bt datu izdz\u0113\u0161anu;<\/li>\n<li>personas dati ir apstr\u0101d\u0101ti nelikum\u012bgi;<\/li>\n<li>personas dati ir j\u0101dz\u0113\u0161, lai nodro\u0161in\u0101tu, ka tiek pild\u012bts juridisks pien\u0101kums, kuram m\u0113s esam pak\u013cauti.<\/li>\n<\/ul>\n<p>SIA ES projekti p\u0113c j\u016bsu piepras\u012bjuma izdz\u0113\u0161 j\u016bsu personas datus, ja vien m\u0113s saska\u0146\u0101 ar ES Visp\u0101r\u012bgo datu aizsardz\u012bbas regulu (VDAR) vai citiem ties\u012bbu aktiem neesam pak\u013cauti personas datu saglab\u0101\u0161anas pien\u0101kumam.<\/p>\n<p><strong>Ties\u012bbas ierobe\u017eot apstr\u0101di<\/strong><\/p>\n<p>Jums ir ties\u012bbas piepras\u012bt, lai j\u016bsu personas datu apstr\u0101de tiktu ierobe\u017eota, ja:<\/p>\n<ul>\n<li>j\u016bs apstr\u012bdat personas datu precizit\u0101ti (ta\u010du tikai uz laiku, kur\u0101 mums ir iesp\u0113ja to p\u0101rbaud\u012bt);<\/li>\n<li>apstr\u0101de ir nelikum\u012bga un j\u016bs personas datu dz\u0113\u0161anas viet\u0101 piepras\u0101t, lai m\u0113s ierobe\u017eojam to izmanto\u0161anu;<\/li>\n<li>personas dati mums apstr\u0101dei vairs nav vajadz\u012bgi, ta\u010du jums tie ir nepiecie\u0161ami likum\u012bgu pras\u012bbu cel\u0161anai, \u012bsteno\u0161anai vai aizst\u0101v\u0113\u0161anai;<\/li>\n<li>j\u016bs iebilstat pret apstr\u0101di, ja m\u0113s neesam apsv\u0113ru\u0161i intere\u0161u svar\u012bgumu.<\/li>\n<\/ul>\n<p><strong>Ties\u012bbas iebilst pret apstr\u0101di<\/strong><\/p>\n<p>Jums ir ties\u012bbas jebkur\u0101 laik\u0101 iebilst pret savu personas datu apstr\u0101di, pamatojoties uz skarto intere\u0161u l\u012bdzsvara apsv\u0113rumiem, un tas attiecas ar\u012b uz profil\u0113\u0161anu (vair\u0101k inform\u0101cijas j\u016bs atrad\u012bsiet turpm\u0101kaj\u0101s tabul\u0101s). Ta\u010du tas nav sp\u0113k\u0101 gad\u012bjumos, kad m\u0113s varam pier\u0101d\u012bt, ka past\u0101v p\u0101rliecino\u0161i, le\u0123it\u012bmi iemesli, kas ir svar\u012bg\u0101ki par j\u016bsu interes\u0113m, ties\u012bb\u0101m un br\u012bv\u012bb\u0101m vai tas tiek dar\u012bts, lai celtu, \u012bstenotu vai aizst\u0101v\u0113tu likum\u012bgas pras\u012bbas.<\/p>\n<p>Jums ir ar\u012b ties\u012bbas iebilst pret j\u016bsu personas datu apstr\u0101di ar tirgved\u012bbas nol\u016bkos, kas ietver profil\u0113\u0161anu t\u0101d\u0101 apm\u0113r\u0101, lai t\u0101 var\u0113tu b\u016bt saist\u012bta ar tie\u0161o tirgved\u012bbu. Ja j\u016bs iebilstat pret datu apstr\u0101di tirgved\u012bbas un\/vai profil\u0113\u0161anas nol\u016bkos, j\u016bsu personas dati turpm\u0101k vairs netiks apstr\u0101d\u0101ti saist\u012bb\u0101 ar tiem.<\/p>\n<p><strong>Ties\u012bbas iesniegt s\u016bdz\u012bbu<\/strong><\/p>\n<p>Jums ir ties\u012bbas iesniegt s\u016bdz\u012bbu kompetentajai uzraudz\u012bbas iest\u0101dei (tas neietekm\u0113 citus administrat\u012bvos ties\u012bbu aizsardz\u012bbas l\u012bdzek\u013cus vai ties\u012bbu aizsardz\u012bbu ties\u0101). \u0160\u0101du s\u016bdz\u012bbu ietiecams iesniegt t\u0101s ES\/EEZ dal\u012bbvalsts uzraudz\u012bbas iest\u0101dei, kur\u0101 atrodas j\u016bsu past\u0101v\u012bg\u0101 dz\u012bvesvieta vai darbavieta vai kur\u0101 ir noticis sp\u0113k\u0101 eso\u0161o ties\u012bbu aktu un datu aizsardz\u012bbas noteikumu p\u0101rk\u0101pums, pret kuru j\u016bs v\u0113r\u0161aties.<\/p>\n<p><strong>Ties\u012bbas uz datu p\u0101rnesam\u012bbu<\/strong><\/p>\n<p>Jums ir ties\u012bbas sa\u0146emt savus mums sniegtos personas datus struktur\u0113t\u0101, pla\u0161i izmantot\u0101 un ma\u0161\u012bnlas\u0101m\u0101 form\u0101t\u0101 un ties\u012bbas min\u0113tos datus nos\u016bt\u012bt citam datu p\u0101rzinim (datu p\u0101rnesam\u012bba), ja:<\/p>\n<ul>\n<li>apstr\u0101de pamatojas uz piekri\u0161anu vai l\u012bgumu;<\/li>\n<li>apstr\u0101di veic ar automatiz\u0113tiem l\u012bdzek\u013ciem.<\/li>\n<\/ul>\n<p>Jums ir ties\u012bbas uz personas datu nos\u016bt\u012b\u0161anu tie\u0161i no mums citam datu p\u0101rzinim, ja vien tas ir tehniski iesp\u0113jams.<\/p>\n","protected":false},"excerpt":{"rendered":"<p>Priv\u0101tuma politika &#8211; (VDAR) Uz\u0146\u0113mum\u0101 SIA &#8222;ES projekti&#8221;, kas ir M\u016bzikas veikala NartissLV juridiskais p\u0101rst\u0101vis, m\u0113s lielu v\u0113r\u012bbu velt\u0101m savu<\/p>\n","protected":false},"author":102,"featured_media":0,"parent":0,"menu_order":0,"comment_status":"closed","ping_status":"closed","template":"","meta":{"footnotes":""},"class_list":["post-252230","page","type-page","status-publish","hentry"],"_links":{"self":[{"href":"https:\/\/nartiss.lv\/lt\/wp-json\/wp\/v2\/pages\/252230","targetHints":{"allow":["GET"]}}],"collection":[{"href":"https:\/\/nartiss.lv\/lt\/wp-json\/wp\/v2\/pages"}],"about":[{"href":"https:\/\/nartiss.lv\/lt\/wp-json\/wp\/v2\/types\/page"}],"author":[{"embeddable":true,"href":"https:\/\/nartiss.lv\/lt\/wp-json\/wp\/v2\/users\/102"}],"replies":[{"embeddable":true,"href":"https:\/\/nartiss.lv\/lt\/wp-json\/wp\/v2\/comments?post=252230"}],"version-history":[{"count":0,"href":"https:\/\/nartiss.lv\/lt\/wp-json\/wp\/v2\/pages\/252230\/revisions"}],"wp:attachment":[{"href":"https:\/\/nartiss.lv\/lt\/wp-json\/wp\/v2\/media?parent=252230"}],"curies":[{"name":"wp","href":"https:\/\/api.w.org\/{rel}","templated":true}]}}