{"id":252222,"date":"2021-12-30T15:31:14","date_gmt":"2021-12-30T15:31:14","guid":{"rendered":"https:\/par-mums\/"},"modified":"2021-12-30T19:00:19","modified_gmt":"2021-12-30T19:00:19","slug":"par-mums","status":"publish","type":"page","link":"https:\/\/nartiss.lv\/lt\/par-mums\/","title":{"rendered":"Par mums"},"content":{"rendered":"<h2 style=\"text-align: center;\">Laipni l\u016bdzam Draudz\u012bgaj\u0101 M\u016bzikas veikal\u0101 nartiss.lv<\/h2>\n<div align=\"center\">\n<div align=\"center\"><strong>Tagad M\u016bzikas veikals NartissLV ar\u012b R\u012bgas centr\u0101, \u010caka iel\u0101 46.<\/strong><\/div>\n<p>&nbsp;<\/p>\n<p>Darba laiks:<\/p>\n<p>pirmdiena &#8211; piektdiena 11:00 &#8211; 19:00<\/p>\n<p>sestdien, sv\u0113tdien br\u012bvs<\/p>\n<\/div>\n<div align=\"center\"><\/div>\n<p>&nbsp;<\/p>\n<p><strong>M\u016bzikas instrumentu veikals <a href=\"https:\/muzikas-instrumenti\/\">nartiss.lv<\/a> ir atkl\u0101ts 2008.gad\u0101. To ir izveidojis trombonists, soloatska\u0146ot\u0101js, Latvijas Nacion\u0101l\u0101s operas Simfonisk\u0101 or\u0137estra m\u0101kslinieks un da\u017e\u0101du muzik\u0101lo projektu dal\u012bbnieks<\/strong> <strong><a href=\"https:\/\/www.showbrass.lv\/\" target=\"_blank\" rel=\"noopener nofollow\">Vairis Narti\u0161s<\/a><\/strong><strong>.<\/strong><\/p>\n<p><img loading=\"lazy\" decoding=\"async\" class=\"alignright\" src=\"https:\/muzikas-instrumenti\/image\/catalog\/IMG_6421_02%20copy.jpg\" width=\"326\" height=\"489\" \/><\/p>\n<div class=\"col-md-8\">\n<p>M\u016bzikas veikala nartiss.lv filosofija un past\u0101v\u0113\u0161anas j\u0113ga ir str\u0101d\u0101t, pied\u0101v\u0101jot Jums vislab\u0101kos <a href=\"https:\/muzikas-instrumenti\/home.php\">m\u016bzikas instrumentus<\/a> un to aksesu\u0101rus par vislab\u0101kaj\u0101m cen\u0101m. Mums ir \u013coti b\u016btiski b\u016bt par m\u016bzi\u0137iem visdraudz\u012bg\u0101ko <a href=\"https:\/muzikas-instrumenti\/home.php\">m\u016bzikas veikalu<\/a> jo \u0161\u012b veikala tap\u0161anas pamat\u0101 ir m\u016bzi\u0137u pa\u0161u izteikt\u0101 v\u0113lme p\u0113c cen\u0101s un laika termi\u0146os draudz\u012bg\u0101ka veikala. M\u016bzikas veikala nartiss.lv biznesa pieejas pamat\u0101 ir jauna filosofija &#8211; maksim\u0101li minimiz\u0113t visas izmaksas. <a href=\"https:\/\">nartiss.lv<\/a> ne\u012br\u0113 p\u0101rlieku d\u0101rgas telpas R\u012bgas centr\u0101 un neuztur liekus darbiniekus, t\u0101d\u0113j\u0101di samazinot jebk\u0101das &#8222;liek\u0101s&#8221; izmaksas, kas var atbalsoties cen\u0101s. Pat PVN izmai\u0146u gad\u012bjum\u0101 2009.gada s\u0101kum\u0101, m\u0113s izdar\u012bj\u0101m visu, lai m\u016bsu pirc\u0113jiem m\u016bzikas veikala <a href=\"https:\/\">nartiss.lv<\/a> cenas paliktu 2008.gada l\u012bmen\u012b, kad PVN likme bija 18%.<\/p>\n<p align=\"justify\">M\u016bzikas instrumentu veikals nartiss.lv pamaz\u0101m papla\u0161ina savu Latvij\u0101 apl\u016bkojamo pre\u010du sortimentu s\u0101kot no <a href=\"https:\/muzikas-instrumenti\/Pusaminstrumenti\/\">p\u016b\u0161aminstrumentiem<\/a> <a href=\"https:\/muzikas-instrumenti\/Sitaminstrumenti\/\">sitaminstrumentiem<\/a> un <a href=\"https:\/muzikas-instrumenti\/Stigu-instrumenti\/\">st\u012bgu <\/a><\/p>\n<p align=\"justify\"><a href=\"https:\/muzikas-instrumenti\/Stigu-instrumenti\/\">instrumentiem<\/a>beidzot ar <a href=\"https:\/muzikas-instrumenti\/Taustininstrumenti_Digitalas-klavieres\/\">digit\u0101laj\u0101m klavier\u0113m<\/a>. T\u0101d\u0113\u013c atvainojamies, ja ir gad\u012bjumi, ka k\u0101da prece nav uz vietas. Neeso\u0161\u0101s preces m\u0113s cen\u0161amies steidzami atg\u0101d\u0101t uz Latviju.<\/p>\n<p>M\u016bzikas instrumentu veikals Nartiss.LV pied\u0101v\u0101 sekojo\u0161u z\u012bmolu m\u016bzikas instrumentus un aksesu\u0101rus:<\/p>\n<p><b>&#8211; St\u012bgu instrumenti un aksesu\u0101ri<\/b><\/p>\n<p>GEWApure, GEWA strings, Rubner, Michael Glass, Drechsler, Aubert, Glasser, Despiau, Augustin, Kun, Bernarde, Millant-Deroux, Wolf, Shadow pickups<\/p>\n<p>&#8211; <b>P\u016b\u0161aminstrumenti un aksesu\u0101ri<\/b><\/p>\n<p>Vincent Bach, Buffet Crampon, Leblanc, Yanagisawa, C.G.Conn, Besson, B&amp;S, A.Courtois, Miraphone, Hans Hoyer, King, Holton, Melton, S.E.Shires, <a href=\"https:\/sakums\/lv\/sakumlapa\">Nartiss Latvia<\/a>, Henri Selmer Paris, Denis Wick, Rico, Vandoren, Gebruder Monnig, Oscar Adler, J.Keilwerth, Roy Benson, Armstrong, Pearl, Adams, Altus, Azumi, Jupiter, pBone, pTrumpet, JoRal, Tom Crown, EMO, Humes&amp;Berg, Neotech, Reka, Slide-O-Mix, La Tromba, Hetman, BG Franck Bichon, Lungentrainer Breath accessoires<\/p>\n<p>Hohner un Walther mutes harmonikas un melodikas<\/p>\n<p>&#8211; <b>Sitaminstrumenti un asesu\u0101ri<\/b><\/p>\n<p>Drum Workshop (DW), Gretsch, Gibraltar, Latin Percussion (LP), Meinl, Pearl, PDP by DW, Drumcraft, Basix, Remo, Evans, ViFirth, ProMark, Toca, GEWA, Majestic, Adams<\/p>\n<p>&#8211; <b>Tausti\u0146instrumenti<\/b><\/p>\n<p>&#8211; Akustisk\u0101s klavieres &#8211; <a href=\"https:\/\/www.wilh-steinberg.ru\/\" rel=\"nofollow noopener\" target=\"_blank\">Wilh.Steinberg<\/a><\/p>\n<p>&#8211; Digit\u0101l\u0101s klavieres un sintezatori &#8211; GEWA piano (Made in Germany), CASIO, Dynatone, Nord, M-Audio<\/p>\n<p>&#8211; Akordeoni &#8211; Weltmeister, Pigini, Excelsior, Scandalli, Hohner<\/p>\n<p><b>&#8211; \u0122it\u0101ras un ladu instrumenti<\/b><\/p>\n<p>Epiphone, Gibson, Cort, Crafter, VGS, Lackland bass, Ovation, Adamas, Schaller, LAG, Sigma, Schecter<\/p>\n<p>Shadow pickups, Fishman, TC Electronic<\/p>\n<p><b>&#8211; St\u012bgas \u0123it\u0101r\u0101m un st\u012bgu instrumentiem<\/b><\/p>\n<p>Elixir, Ernie Ball, D\u2019Addario, Dunlop, GHS, Savarez, Hannabach, Dean Markley, Pyramid, La Bella, Romana, Martin, Gibson, Tenson<\/p>\n<p>Thomastik, Larsen, Optima, N\u00fcrnberger, Prim, Corelli, Jargar, Classic Line<\/p>\n<p><b>&#8211; Audio, skatuves un studijas lietas<\/b><\/p>\n<p>ZOOM ierakst\u012b\u0161anas iek\u0101rtas, Presonus, Apogee, HK Audio, Senheiser, Audix, Peavey, sE Electronics, Alpha Audio, JamStands Ultimate Support, BSX stands, GEWA stands, K&amp;M stands,<\/p>\n<p><b>&#8211; Somas un kastes<\/b><\/p>\n<p>GEWA, Jaeger, BAM,<\/p>\n<p><b>&#8211; Eksotiskie instrumenti<\/b><\/p>\n<p><a href=\"https:\/\/terre.de\/shop\/de\/Home\" rel=\"nofollow noopener\" target=\"_blank\">Terre,<\/a> <a href=\"https:\/\/www.hokema.de\/\" rel=\"nofollow noopener\" target=\"_blank\">Hokema kalimbas<\/a>, <a href=\"https:\/\/koshi.fr\/\" rel=\"nofollow noopener\" target=\"_blank\">KOSHI v\u0113ja zvani<\/a>, Altaja varg\u0101ni, Latvij\u0101 ra\u017eotas zvangas<\/p>\n<p><b>Da\u017e\u0101di aksesu\u0101ri<\/b><\/p>\n<p>K&amp;M, Wittner,<\/p>\n<p align=\"justify\">Ja J\u016bs redzat, ka M\u016bzikas instrumentu veikala <a href=\"https:\/muzikas-instrumenti\/\">nartiss.lv<\/a> pied\u0101v\u0101t\u0101s produkcijas kl\u0101st\u0101 nav k\u0101das J\u016bs interes\u0113jo\u0161\u0101s preces, dro\u0161i <a href=\"mailto:vairis@?subject=interesejos%20par:\">rakstiet<\/a> vai zvaniet mums, m\u0113s pied\u0101v\u0101sim savu cenu. Un tad Jums tikai atliks izlemt, vai J\u016bs \u0161o preci varat kaut kur nopirkt v\u0113l l\u0113t\u0101k.<\/p>\n<p align=\"justify\">Ar cie\u0146u un jauku iepirk\u0161anos v\u0113lot.<\/p>\n<p align=\"justify\"><a href=\"https:\/\/www.showbrass.lv\/\" target=\"_blank\" rel=\"noopener nofollow\">Vairis Narti\u0161s<\/a><\/p>\n<p>&nbsp;<\/p>\n<\/div>\n","protected":false},"excerpt":{"rendered":"<p>Laipni l\u016bdzam Draudz\u012bgaj\u0101 M\u016bzikas veikal\u0101 nartiss.lv Tagad M\u016bzikas veikals NartissLV ar\u012b R\u012bgas centr\u0101, \u010caka iel\u0101 46. &nbsp; Darba laiks: pirmdiena<\/p>\n","protected":false},"author":102,"featured_media":0,"parent":0,"menu_order":0,"comment_status":"closed","ping_status":"closed","template":"","meta":{"footnotes":""},"class_list":["post-252222","page","type-page","status-publish","hentry"],"_links":{"self":[{"href":"https:\/\/nartiss.lv\/lt\/wp-json\/wp\/v2\/pages\/252222","targetHints":{"allow":["GET"]}}],"collection":[{"href":"https:\/\/nartiss.lv\/lt\/wp-json\/wp\/v2\/pages"}],"about":[{"href":"https:\/\/nartiss.lv\/lt\/wp-json\/wp\/v2\/types\/page"}],"author":[{"embeddable":true,"href":"https:\/\/nartiss.lv\/lt\/wp-json\/wp\/v2\/users\/102"}],"replies":[{"embeddable":true,"href":"https:\/\/nartiss.lv\/lt\/wp-json\/wp\/v2\/comments?post=252222"}],"version-history":[{"count":0,"href":"https:\/\/nartiss.lv\/lt\/wp-json\/wp\/v2\/pages\/252222\/revisions"}],"wp:attachment":[{"href":"https:\/\/nartiss.lv\/lt\/wp-json\/wp\/v2\/media?parent=252222"}],"curies":[{"name":"wp","href":"https:\/\/api.w.org\/{rel}","templated":true}]}}