{"id":252218,"date":"2021-12-30T15:28:27","date_gmt":"2021-12-30T15:28:27","guid":{"rendered":"https:\/our-story\/"},"modified":"2021-12-30T18:55:28","modified_gmt":"2021-12-30T18:55:28","slug":"our-story","status":"publish","type":"page","link":"https:\/\/nartiss.lv\/lt\/our-story\/","title":{"rendered":"M\u016bsu st\u0101sts"},"content":{"rendered":"<div class=\"wpb-content-wrapper\"><p>[vc_row content_placement=&#8221;middle&#8221; mobile_bg_img_hidden=&#8221;no&#8221; tablet_bg_img_hidden=&#8221;no&#8221; woodmart_parallax=&#8221;0&#8243; woodmart_gradient_switch=&#8221;no&#8221; row_reverse_mobile=&#8221;0&#8243; row_reverse_tablet=&#8221;0&#8243; woodmart_disable_overflow=&#8221;0&#8243;][vc_column width=&#8221;1\/2&#8243; mobile_bg_img_hidden=&#8221;no&#8221; tablet_bg_img_hidden=&#8221;no&#8221; woodmart_parallax=&#8221;0&#8243; woodmart_sticky_column=&#8221;false&#8221; parallax_scroll=&#8221;no&#8221; mobile_reset_margin=&#8221;no&#8221; tablet_reset_margin=&#8221;no&#8221;][vc_column_text woodmart_inline=&#8221;no&#8221; text_larger=&#8221;no&#8221;]<\/p>\n<p><strong>M\u016bsu pamatv\u0113rt\u012bbas:<\/strong><\/p>\n<ul>\n<li>Labas cenas<\/li>\n<li>Draudz\u012bga attieksme<\/li>\n<li>Kompetentas konsult\u0101cijas<\/li>\n<li>Savas jomas profesion\u0101\u013ci<\/li>\n<li>Person\u012bga atbild\u012bba klienta priek\u0161\u0101<\/li>\n<\/ul>\n<p>\u0160ie ir noteikumi m\u016bsu komunicik\u0101cijas ar klientu. M\u0113s str\u0101d\u0101jam, lai b\u016btu lab\u0101kie, lai m\u0113s b\u016btu J\u016bsu atbalsts un lai J\u016bs justos \u0113rti un omul\u012bgi.[\/vc_column_text][vc_column_text woodmart_inline=&#8221;no&#8221; text_larger=&#8221;no&#8221;]Drasudz\u012bgais m\u016bzikas veikals NartissLV savu darb\u012bbu s\u0101ka 2008.gad\u0101, jo v\u0113l\u0113j\u0101mies sniegt Rietumos tik pierasto uz\u0146\u0113muma filozofiju ar uz\u0146\u0113mua \u012bpa\u0161nieka Vaira Narti\u0161a person\u012bgo garantija kvalit\u0101ti.[\/vc_column_text][\/vc_column][vc_column width=&#8221;1\/2&#8243; mobile_bg_img_hidden=&#8221;no&#8221; tablet_bg_img_hidden=&#8221;no&#8221; woodmart_parallax=&#8221;0&#8243; woodmart_sticky_column=&#8221;false&#8221; parallax_scroll=&#8221;no&#8221; mobile_reset_margin=&#8221;no&#8221; tablet_reset_margin=&#8221;no&#8221;][vc_single_image image=&#8221;230687&#8243; img_size=&#8221;full&#8221; alignment=&#8221;right&#8221; woodmart_inline=&#8221;no&#8221; parallax_scroll=&#8221;no&#8221;][\/vc_column][\/vc_row][vc_row content_placement=&#8221;middle&#8221; mobile_bg_img_hidden=&#8221;no&#8221; tablet_bg_img_hidden=&#8221;no&#8221; woodmart_parallax=&#8221;0&#8243; woodmart_gradient_switch=&#8221;no&#8221; row_reverse_mobile=&#8221;0&#8243; row_reverse_tablet=&#8221;0&#8243; woodmart_disable_overflow=&#8221;0&#8243;][vc_column width=&#8221;1\/2&#8243;][vc_single_image image=&#8221;230692&#8243; img_size=&#8221;full&#8221; woodmart_inline=&#8221;no&#8221; parallax_scroll=&#8221;no&#8221;][\/vc_column][vc_column width=&#8221;1\/2&#8243;][vc_column_text woodmart_inline=&#8221;no&#8221; text_larger=&#8221;no&#8221;]M\u0113s esam lepni par apmierin\u0101tiem klientiem.<\/p>\n<p>M\u0113s esam priec\u012bgi par klientiem, kuri ir apmierin\u0101ti ar Draudz\u012bg\u0101 m\u016bzikas veikala NartissLV servisu un ieteiktajiem m\u016bzikas instrumentiem un aksesu\u0101riem.<\/p>\n<p>M\u0113s esam laim\u012bgi par klientiem, kuri atgrie\u017eas Draudz\u012bgaj\u0101 m\u016bzikas veikal\u0101 NartissLV un kuri iesaka m\u016bsu servisu ar\u012b saviem draugiem, pazi\u0146\u0101m un kol\u0113\u0123iem.[\/vc_column_text][vc_column_text woodmart_inline=&#8221;no&#8221; text_larger=&#8221;no&#8221;]M\u0113s esam emocion\u0101li, sirsn\u012bgi un atbild\u012bgi.<\/p>\n<p>M\u0113s degam par savu darbu, aizraujamies par jaun\u0101m idej\u0101m, esam atv\u0113rti un ieklausamies savois profesion\u0101lajos kol\u0113\u0123os, lai b\u016btu inform\u0113ti par jaun\u0101kaj\u0101m pasaules tendenc\u0113m m\u016bzikas instrumentu b\u016bvniec\u012bb\u0101 un m\u016bzikas instrumentu aksesu\u0101ru inov\u0101cij\u0101s. Tas mums pal\u012bdz b\u016bt laikmet\u012bgiem, zino\u0161iem un profesion\u0101liem m\u016bzikas instrumentu un aksesu\u0101ru industrij\u0101.[\/vc_column_text][\/vc_column][\/vc_row][vc_row][vc_column][vc_column_text woodmart_inline=&#8221;no&#8221; text_larger=&#8221;no&#8221;]<strong>Vairis Narti\u0161s<\/strong><\/p>\n<p>Viens no lab\u0101kajiem un le\u0123end\u0101r\u0101kajiem Latvijas p\u016b\u0161aminstument\u0101listiem. Soloatska\u0146ot\u0101js, komponists, Latvijas Nacion\u0101l\u0101s operas simfonisk\u0101 or\u0137estra m\u0101kslinieks, producents, da\u017e\u0101du muzik\u0101lo projektu dal\u012bbnieks.<\/p>\n<p>Pirmais un pagaid\u0101m vien\u012bgais starptautiski nov\u0113rt\u0113tais Latvijas un Baltijas p\u016b\u0161aminstrument\u0101lists, kur\u0161 ir k\u013cuvis par vado\u0161\u0101 met\u0101la p\u016b\u0161aminstrumentu ra\u017eot\u0101ja Vincent Bach ofici\u0101lo m\u0101kslinieku.[\/vc_column_text][vc_column_text woodmart_inline=&#8221;no&#8221; text_larger=&#8221;no&#8221;]Vairis Narti\u0161s ir augstu nov\u0113rt\u0113ts ar saviem met\u0101la p\u016b\u0161aminstrumentu izgudrojumiem.<\/p>\n<p>V.Narti\u0161s ar savu neordin\u0101ro dom\u0101\u0161anu, uzdro\u0161in\u0101\u0161anos un drosmi ir izgudrojis un rad\u012bjis da\u017e\u0101das inovat\u012bvas lietas, kas uzlabo p\u016b\u0161aminstrumentu skan\u0113jumu.[\/vc_column_text][vc_column_text woodmart_inline=&#8221;no&#8221; text_larger=&#8221;no&#8221;]Tie\u0161i ar \u0161\u0101du netradcion\u0101lu un neordin\u0101ru pieg\u0101jienu, Vairis Narti\u0161s ar\u012b atv\u0113ra savu &#8211; Draudz\u012bgo m\u016bzikas veikalu NartissLV.<\/p>\n<p>Da\u013ca veikala sortimenta ir papildin\u0101ts, iedzi\u013coniet taj\u0101, piedom\u0101jot vai m\u0113s sp\u0113sim par tiem kaut ko past\u0101st\u012bt, vai m\u0113s sp\u0113sim tos nodemonstr\u0113t un vai tas ir lab\u0101kais, ko m\u0113s sp\u0113jam pied\u0101v\u0101t.[\/vc_column_text][\/vc_column][\/vc_row][vc_row][vc_column][vc_gallery interval=&#8221;5&#8243; images=&#8221;232850,232860,232845,232855&#8243; img_size=&#8221;1000X500&#8243; css=&#8221;.vc_custom_1630918425534{padding-top: 1px !important;padding-right: 1px !important;padding-bottom: 1px !important;padding-left: 1px !important;}&#8221; title=&#8221;Vairis Narti\u0161s&#8221;][\/vc_column][\/vc_row]<\/p>\n<\/div>","protected":false},"excerpt":{"rendered":"<p>[vc_row content_placement=&#8221;middle&#8221; mobile_bg_img_hidden=&#8221;no&#8221; tablet_bg_img_hidden=&#8221;no&#8221; woodmart_parallax=&#8221;0&#8243; woodmart_gradient_switch=&#8221;no&#8221; row_reverse_mobile=&#8221;0&#8243; row_reverse_tablet=&#8221;0&#8243; woodmart_disable_overflow=&#8221;0&#8243;][vc_column width=&#8221;1\/2&#8243; mobile_bg_img_hidden=&#8221;no&#8221; tablet_bg_img_hidden=&#8221;no&#8221; woodmart_parallax=&#8221;0&#8243; woodmart_sticky_column=&#8221;false&#8221; parallax_scroll=&#8221;no&#8221; mobile_reset_margin=&#8221;no&#8221; tablet_reset_margin=&#8221;no&#8221;][vc_column_text woodmart_inline=&#8221;no&#8221; text_larger=&#8221;no&#8221;] M\u016bsu<\/p>\n","protected":false},"author":102,"featured_media":0,"parent":0,"menu_order":0,"comment_status":"closed","ping_status":"closed","template":"","meta":{"footnotes":""},"class_list":["post-252218","page","type-page","status-publish","hentry"],"_links":{"self":[{"href":"https:\/\/nartiss.lv\/lt\/wp-json\/wp\/v2\/pages\/252218","targetHints":{"allow":["GET"]}}],"collection":[{"href":"https:\/\/nartiss.lv\/lt\/wp-json\/wp\/v2\/pages"}],"about":[{"href":"https:\/\/nartiss.lv\/lt\/wp-json\/wp\/v2\/types\/page"}],"author":[{"embeddable":true,"href":"https:\/\/nartiss.lv\/lt\/wp-json\/wp\/v2\/users\/102"}],"replies":[{"embeddable":true,"href":"https:\/\/nartiss.lv\/lt\/wp-json\/wp\/v2\/comments?post=252218"}],"version-history":[{"count":0,"href":"https:\/\/nartiss.lv\/lt\/wp-json\/wp\/v2\/pages\/252218\/revisions"}],"wp:attachment":[{"href":"https:\/\/nartiss.lv\/lt\/wp-json\/wp\/v2\/media?parent=252218"}],"curies":[{"name":"wp","href":"https:\/\/api.w.org\/{rel}","templated":true}]}}