{"id":334505,"date":"2022-01-10T19:43:00","date_gmt":"2022-01-10T19:43:00","guid":{"rendered":"https:\/?post_type=product&#038;p=334505"},"modified":"2025-11-24T19:06:57","modified_gmt":"2025-11-24T19:06:57","slug":"gitaras-pedalis-boss-ac-3-acoustic-simulator","status":"publish","type":"product","link":"https:\/\/nartiss.lv\/et\/veikals\/gitaras-un-ladu-instrumenti\/efektu-procesori-un-cilpu-masinas\/dazadi-gitaru-pedali\/gitaras-pedalis-boss-ac-3-acoustic-simulator\/","title":{"rendered":"\u0122it\u0101ras ped\u0101lis BOSS AC-3 Acoustic Simulator"},"content":{"rendered":"<h2>ADVANCED ELECTRIC-TO-ACOUSTIC GUITAR MODELING<\/h2>\n<p>BOSS is pleased to offer another \u201cAuthentic BOSS\u201d Compact Pedal; the AC-3. How many times have you been onstage or in the studio with your electric guitar, and wished that you\u2019d brought an acoustic along? For musicians who travel light, hauling an extra guitar to the gig isn\u2019t always the most attractive option. BOSS AC-3 to the rescue! This new-generation compact pedal employs COSM modeling technology to transform any electric guitar into a variety of beautiful acoustic guitars.<\/p>\n<p>&nbsp;<\/p>\n<section class=\"overview\">\n<ul>\n<li>BOSS\u2019s most advanced acoustic-guitar modeling in a compact pedal<\/li>\n<li>Four simulation modes: Standard, Jumbo, Enhanced, and Piezo-equipped<\/li>\n<li>Top and Body knobs for fine-tuning the virtual-body resonance<\/li>\n<li>Built-in reverb, optimized for acoustic-guitar simulation<\/li>\n<li>BOSS five-year warranty<\/li>\n<\/ul>\n<\/section>\n<div class=\"features\"><\/div>\n","protected":false},"excerpt":{"rendered":"<p>ADVANCED ELECTRIC-TO-ACOUSTIC GUITAR MODELING BOSS is pleased to offer another \u201cAuthentic BOSS\u201d Compact Pedal; the AC-3. How many times have<\/p>\n","protected":false},"featured_media":334506,"template":"","meta":[],"product_brand":[],"product_cat":[5850],"product_tag":[6695],"berocket_brand":[6448],"woo-feed-brand":[],"class_list":{"0":"post-334505","1":"product","2":"type-product","3":"status-publish","4":"has-post-thumbnail","6":"product_cat-dazadi-gitaru-pedali","7":"product_tag-boss","8":"berocket_brand-boss","10":"first","11":"instock","12":"shipping-taxable","13":"purchasable","14":"product-type-simple"},"_links":{"self":[{"href":"https:\/\/nartiss.lv\/et\/wp-json\/wp\/v2\/product\/334505","targetHints":{"allow":["GET"]}}],"collection":[{"href":"https:\/\/nartiss.lv\/et\/wp-json\/wp\/v2\/product"}],"about":[{"href":"https:\/\/nartiss.lv\/et\/wp-json\/wp\/v2\/types\/product"}],"wp:featuredmedia":[{"embeddable":true,"href":"https:\/\/nartiss.lv\/et\/wp-json\/wp\/v2\/media\/334506"}],"wp:attachment":[{"href":"https:\/\/nartiss.lv\/et\/wp-json\/wp\/v2\/media?parent=334505"}],"wp:term":[{"taxonomy":"product_brand","embeddable":true,"href":"https:\/\/nartiss.lv\/et\/wp-json\/wp\/v2\/product_brand?post=334505"},{"taxonomy":"product_cat","embeddable":true,"href":"https:\/\/nartiss.lv\/et\/wp-json\/wp\/v2\/product_cat?post=334505"},{"taxonomy":"product_tag","embeddable":true,"href":"https:\/\/nartiss.lv\/et\/wp-json\/wp\/v2\/product_tag?post=334505"},{"taxonomy":"berocket_brand","embeddable":true,"href":"https:\/\/nartiss.lv\/et\/wp-json\/wp\/v2\/berocket_brand?post=334505"},{"taxonomy":"woo-feed-brand","embeddable":true,"href":"https:\/\/nartiss.lv\/et\/wp-json\/wp\/v2\/woo-feed-brand?post=334505"}],"curies":[{"name":"wp","href":"https:\/\/api.w.org\/{rel}","templated":true}]}}