{"id":252423,"date":"2022-01-04T09:50:25","date_gmt":"2022-01-04T09:50:25","guid":{"rendered":"https:\/?post_type=product&#038;p=252423"},"modified":"2025-11-30T07:59:40","modified_gmt":"2025-11-30T07:59:40","slug":"pedalu-kaste-boss-bcb-1000","status":"publish","type":"product","link":"https:\/\/nartiss.lv\/et\/veikals\/gitaru-pastiprinataji\/pedalu-kaste-boss-bcb-1000\/","title":{"rendered":"\u0122it\u0101ras pastiprin\u0101t\u0101js BOSS Katana Mini"},"content":{"rendered":"<h2>SERIOUS ROCK DNA FORGED INTO A COMPACT, BATTERY-POWERED AMP<\/h2>\n<p>BOSS Katana amps have received accolades from guitarists everywhere for their fantastic sound and feel, onboard effects, and great value. Now, the Katana-Mini makes serious Katana tone accessible in a small, go-anywhere amp that runs on batteries. Offering sound quality that far exceeds other amps in its class, this miniature powerhouse features an authentic multi-stage analog gain circuit for big, expressive sound, plus a traditional analog EQ and an onboard tape-style delay. Ultra-compact and travel-ready, the Katana-Mini delivers inspiring Katana tone anywhere you want to play.<\/p>\n<p>&nbsp;<\/p>\n<ul>\n<li>Great Katana tone in a highly portable amp<\/li>\n<li>Rich, full sound that far exceeds other amps in its class<\/li>\n<li>Authentic multi-stage analog gain circuit and three-band analog tone stack<\/li>\n<li>Three versatile amp types: Brown, Crunch, and Clean<\/li>\n<li>Built-in tape-style delay for warm ambience<\/li>\n<li>Aux input for jamming with music from a smartphone<\/li>\n<li>Phones\/recording output with cabinet voicing<\/li>\n<li>Runs on six AA-size batteries or optional AC adapter<\/li>\n<\/ul>\n","protected":false},"excerpt":{"rendered":"<p>SERIOUS ROCK DNA FORGED INTO A COMPACT, BATTERY-POWERED AMP BOSS Katana amps have received accolades from guitarists everywhere for their<\/p>\n","protected":false},"featured_media":252424,"template":"","meta":[],"product_brand":[],"product_cat":[4394],"product_tag":[6695],"berocket_brand":[6448],"woo-feed-brand":[],"class_list":{"0":"post-252423","1":"product","2":"type-product","3":"status-publish","4":"has-post-thumbnail","6":"product_cat-gitaru-pastiprinataji","7":"product_tag-boss","8":"berocket_brand-boss","10":"first","11":"instock","12":"shipping-taxable","13":"purchasable","14":"product-type-simple"},"_links":{"self":[{"href":"https:\/\/nartiss.lv\/et\/wp-json\/wp\/v2\/product\/252423","targetHints":{"allow":["GET"]}}],"collection":[{"href":"https:\/\/nartiss.lv\/et\/wp-json\/wp\/v2\/product"}],"about":[{"href":"https:\/\/nartiss.lv\/et\/wp-json\/wp\/v2\/types\/product"}],"wp:featuredmedia":[{"embeddable":true,"href":"https:\/\/nartiss.lv\/et\/wp-json\/wp\/v2\/media\/252424"}],"wp:attachment":[{"href":"https:\/\/nartiss.lv\/et\/wp-json\/wp\/v2\/media?parent=252423"}],"wp:term":[{"taxonomy":"product_brand","embeddable":true,"href":"https:\/\/nartiss.lv\/et\/wp-json\/wp\/v2\/product_brand?post=252423"},{"taxonomy":"product_cat","embeddable":true,"href":"https:\/\/nartiss.lv\/et\/wp-json\/wp\/v2\/product_cat?post=252423"},{"taxonomy":"product_tag","embeddable":true,"href":"https:\/\/nartiss.lv\/et\/wp-json\/wp\/v2\/product_tag?post=252423"},{"taxonomy":"berocket_brand","embeddable":true,"href":"https:\/\/nartiss.lv\/et\/wp-json\/wp\/v2\/berocket_brand?post=252423"},{"taxonomy":"woo-feed-brand","embeddable":true,"href":"https:\/\/nartiss.lv\/et\/wp-json\/wp\/v2\/woo-feed-brand?post=252423"}],"curies":[{"name":"wp","href":"https:\/\/api.w.org\/{rel}","templated":true}]}}