{"id":228172,"date":"2019-08-28T07:58:06","date_gmt":"2019-08-28T07:58:06","guid":{"rendered":"http:\/\/45.56.66.224\/customers\/104484\/?product=daddario-nyxl1046"},"modified":"2025-11-24T19:32:24","modified_gmt":"2025-11-24T19:32:24","slug":"elektriskas-gitaras-stigas-daddario-nyxl1046-nickel-wound-regular-light-10-46","status":"publish","type":"product","link":"https:\/\/nartiss.lv\/et\/veikals\/gitaras-un-ladu-instrumenti\/stigas-gitaram\/stigas-elektriskai-gitarai\/elektriskas-gitaras-stigas-daddario-nyxl1046-nickel-wound-regular-light-10-46\/","title":{"rendered":"Elektrisk\u0101s \u0123it\u0101ras st\u012bgas D&#8217;Addario NYXL1046 Nickel Wound, Regular Light, 10-46"},"content":{"rendered":"<p class=\"p_description\" style=\"margin-right: 20px; caret-color: rgb(77, 77, 77); color: rgb(77, 77, 77); font-family: Arial;\">NYXL1046 are designed with the most popular string gauges for comfortable playability and an ideal electric tone.<\/p>\n<ul class=\"product-bullets\" style=\"margin-right: 25px; caret-color: rgb(77, 77, 77); color: rgb(77, 77, 77); font-family: Arial;\">\n<li style=\"padding: 0px; margin: 0px;\">NYXL&#8217;s feature D\u2019Addario\u2019s exclusive New York manufactured, high carbon steel alloy for unprecedented strength \u2013 play fearlessly.<\/li>\n<li style=\"padding: 0px; margin: 0px;\">Improved tuning stability compared to traditional nickel wound strings &#8211; get in tune faster, stay in tune better.<\/li>\n<li style=\"padding: 0px; margin: 0px;\">Wound strings with enhanced mid-range frequency response in the 1 &#8211; 3.5 kHz range \u2013 more presence and crunch to cut through the mix.<\/li>\n<li style=\"padding: 0px; margin: 0px;\">NYXL1046 offers an ideal combination of comfortable playability and electric tone: Plain Steel .010, .013, .017, Nickel Wound .026, .036, .046<\/li>\n<li style=\"padding: 0px; margin: 0px;\">Environmentally friendly, corrosion resistant packaging for strings that are always fresh<\/li>\n<\/ul>\n<p class=\"p_description\" style=\"margin-right: 20px; caret-color: rgb(77, 77, 77); color: rgb(77, 77, 77); font-family: Arial;\">D\u2019Addario NYXL guitar strings will bend farther, sing louder, and stay in tune better than any string you\u2019ve played before. Envisioned, perfected, and manufactured by D\u2019Addario in New York, this newly engineered, break-resistant, high-carbon steel core and plain steel alloy delivers a whole new level of freedom, confidence, and power. NYXL\u2019s provide more strength and up to 131% greater tuning stability by utilizing a completely reinvented wire drawing process coupled with a revolutionary \u201cfusion twist\u201d process for the plain steels. The reformulated nickel plated string windings have greater magnetic properties resulting in higher output and enhanced mid-range frequency response for more presence and crunch.<img loading=\"lazy\" decoding=\"async\" src=\"https:\/\/secure.adnxs.com\/seg?add=8397380&amp;t=2\" width=\"1\" height=\"1\" style=\"margin: 0px; padding: 0px;\"><\/p>\n<p class=\"p_description\" style=\"margin-right: 20px; caret-color: rgb(77, 77, 77); color: rgb(77, 77, 77); font-family: Arial;\"><\/p>\n<p class=\"p_description\" style=\"margin-right: 20px; caret-color: rgb(77, 77, 77); color: rgb(77, 77, 77); font-family: Arial;\"><\/p>\n<h2 style=\"font-stretch: normal; font-size: 22px; line-height: normal; font-family: Tahoma; color: rgb(0, 0, 0); margin-bottom: 15px; padding-bottom: 0px; padding-top: 0px;\">Tension Chart<\/h2>\n<h2 style=\"font-stretch: normal; font-size: 22px; line-height: normal; font-family: Tahoma; color: rgb(0, 0, 0); margin-bottom: 15px; padding-bottom: 0px; padding-top: 0px;\">\n<table class=\"tensionTable\" cellspacing=\"0\" cellpadding=\"0\" style=\"border: 0px; margin: 0px 0px 20px; padding: 0px; width: 350.421875px;\">\n<tbody>\n<tr>\n<td style=\"font-stretch: normal; font-size: 12px; font-family: Arial; line-height: 18px; padding: 3px 3px 3px 10px; border: none !important;\"><\/td>\n<td style=\"font-stretch: normal; font-size: 12px; font-family: Arial; line-height: 18px; padding: 3px 3px 3px 10px; border: none !important;\"><\/td>\n<td colspan=\"2\" class=\"tensionDetail\" style=\"font-stretch: normal; font-size: 12px; font-family: Arial; line-height: 18px; padding: 3px 3px 3px 10px; border: none !important;\"><img loading=\"lazy\" decoding=\"async\" src=\"http:\/\/www.daddario.com\/templates\/images\/daddario2011\/left_bracket_15X19.gif\" width=\"15\" height=\"19\" align=\"absmiddle\" style=\"margin: 0px; padding: 0px;\">&nbsp;&nbsp;&nbsp;&nbsp;Diameter&nbsp;&nbsp;&nbsp;&nbsp;<img loading=\"lazy\" decoding=\"async\" src=\"http:\/\/www.daddario.com\/templates\/images\/daddario2011\/right_bracket_15X19.gif\" width=\"15\" height=\"19\" align=\"absmiddle\" style=\"margin: 0px; padding: 0px;\"><\/td>\n<td colspan=\"2\" class=\"tensionDetail\" style=\"font-stretch: normal; font-size: 12px; font-family: Arial; line-height: 18px; padding: 3px 3px 3px 10px; border: none !important;\"><img loading=\"lazy\" decoding=\"async\" src=\"http:\/\/www.daddario.com\/templates\/images\/daddario2011\/left_bracket_15X19.gif\" width=\"15\" height=\"19\" align=\"absmiddle\" style=\"margin: 0px; padding: 0px;\">&nbsp;&nbsp;&nbsp;&nbsp;Tension&nbsp;&nbsp;&nbsp;&nbsp;<img loading=\"lazy\" decoding=\"async\" src=\"http:\/\/www.daddario.com\/templates\/images\/daddario2011\/right_bracket_15X19.gif\" width=\"15\" height=\"19\" align=\"absmiddle\" style=\"margin: 0px; padding: 0px;\"><\/td>\n<td style=\"font-stretch: normal; font-size: 12px; font-family: Arial; line-height: 18px; padding: 3px 3px 3px 10px; border: none !important;\"><\/td>\n<\/tr>\n<tr>\n<td style=\"font-stretch: normal; font-size: 12px; font-family: Arial; line-height: 18px; padding: 3px 3px 3px 10px; border: none !important;\">Item #<\/td>\n<td style=\"font-stretch: normal; font-size: 12px; font-family: Arial; line-height: 18px; padding: 3px 3px 3px 10px; border: none !important;\">Note<\/td>\n<td class=\"tensionDetail\" style=\"font-stretch: normal; font-size: 12px; font-family: Arial; line-height: 18px; padding: 3px 3px 3px 10px; border: none !important;\">Inches<\/td>\n<td class=\"tensionDetail\" style=\"font-stretch: normal; font-size: 12px; font-family: Arial; line-height: 18px; padding: 3px 3px 3px 10px; border: none !important;\">mm<\/td>\n<td class=\"tensionDetail\" style=\"font-stretch: normal; font-size: 12px; font-family: Arial; line-height: 18px; padding: 3px 3px 3px 10px; border: none !important;\">lbs<\/td>\n<td class=\"tensionDetail\" style=\"font-stretch: normal; font-size: 12px; font-family: Arial; line-height: 18px; padding: 3px 3px 3px 10px; border: none !important;\">kg<\/td>\n<\/tr>\n<tr class=\"tensionResults\" style=\"background-color: rgb(217, 238, 248);\">\n<td class=\"tensionDetail\" style=\"font-stretch: normal; font-size: 12px; font-family: Arial; line-height: 18px; padding: 3px 3px 3px 10px; border: none !important;\">NYS010<\/td>\n<td class=\"tensionResults\" style=\"font-stretch: normal; font-size: 12px; font-family: Arial; line-height: 18px; padding: 3px 3px 3px 10px; border: none !important;\">E<\/td>\n<td class=\"tensionDetail\" style=\"font-stretch: normal; font-size: 12px; font-family: Arial; line-height: 18px; padding: 3px 3px 3px 10px; border: none !important;\">0.0100<\/td>\n<td class=\"tensionResults\" style=\"font-stretch: normal; font-size: 12px; font-family: Arial; line-height: 18px; padding: 3px 3px 3px 10px; border: none !important;\">0.2540<\/td>\n<td class=\"tensionDetail\" style=\"font-stretch: normal; font-size: 12px; font-family: Arial; line-height: 18px; padding: 3px 3px 3px 10px; border: none !important;\">16.220<\/td>\n<td class=\"tensionDetail\" style=\"font-stretch: normal; font-size: 12px; font-family: Arial; line-height: 18px; padding: 3px 3px 3px 10px; border: none !important;\">7.363<\/td>\n<\/tr>\n<tr class=\"tensionResultsAlternatingItem\">\n<td class=\"tensionDetail\" style=\"font-stretch: normal; font-size: 12px; font-family: Arial; line-height: 18px; padding: 3px 3px 3px 10px; border: none !important;\">NYS013<\/td>\n<td class=\"tensionResultsAlternatingItem\" style=\"font-stretch: normal; font-size: 12px; font-family: Arial; line-height: 18px; padding: 3px 3px 3px 10px; border: none !important;\">B<\/td>\n<td class=\"tensionDetail\" style=\"font-stretch: normal; font-size: 12px; font-family: Arial; line-height: 18px; padding: 3px 3px 3px 10px; border: none !important;\">0.0130<\/td>\n<td class=\"tensionResultsAlternatingItem\" style=\"font-stretch: normal; font-size: 12px; font-family: Arial; line-height: 18px; padding: 3px 3px 3px 10px; border: none !important;\">0.3302<\/td>\n<td class=\"tensionDetail\" style=\"font-stretch: normal; font-size: 12px; font-family: Arial; line-height: 18px; padding: 3px 3px 3px 10px; border: none !important;\">15.390<\/td>\n<td class=\"tensionDetail\" style=\"font-stretch: normal; font-size: 12px; font-family: Arial; line-height: 18px; padding: 3px 3px 3px 10px; border: none !important;\">6.987<\/td>\n<\/tr>\n<tr class=\"tensionResults\" style=\"background-color: rgb(217, 238, 248);\">\n<td class=\"tensionDetail\" style=\"font-stretch: normal; font-size: 12px; font-family: Arial; line-height: 18px; padding: 3px 3px 3px 10px; border: none !important;\">NYS017<\/td>\n<td class=\"tensionResults\" style=\"font-stretch: normal; font-size: 12px; font-family: Arial; line-height: 18px; padding: 3px 3px 3px 10px; border: none !important;\">G<\/td>\n<td class=\"tensionDetail\" style=\"font-stretch: normal; font-size: 12px; font-family: Arial; line-height: 18px; padding: 3px 3px 3px 10px; border: none !important;\">0.0170<\/td>\n<td class=\"tensionResults\" style=\"font-stretch: normal; font-size: 12px; font-family: Arial; line-height: 18px; padding: 3px 3px 3px 10px; border: none !important;\">0.4318<\/td>\n<td class=\"tensionDetail\" style=\"font-stretch: normal; font-size: 12px; font-family: Arial; line-height: 18px; padding: 3px 3px 3px 10px; border: none !important;\">16.580<\/td>\n<td class=\"tensionDetail\" style=\"font-stretch: normal; font-size: 12px; font-family: Arial; line-height: 18px; padding: 3px 3px 3px 10px; border: none !important;\">7.527<\/td>\n<\/tr>\n<tr class=\"tensionResultsAlternatingItem\">\n<td class=\"tensionDetail\" style=\"font-stretch: normal; font-size: 12px; font-family: Arial; line-height: 18px; padding: 3px 3px 3px 10px; border: none !important;\">NYNW026<\/td>\n<td class=\"tensionResultsAlternatingItem\" style=\"font-stretch: normal; font-size: 12px; font-family: Arial; line-height: 18px; padding: 3px 3px 3px 10px; border: none !important;\">D<\/td>\n<td class=\"tensionDetail\" style=\"font-stretch: normal; font-size: 12px; font-family: Arial; line-height: 18px; padding: 3px 3px 3px 10px; border: none !important;\">0.0260<\/td>\n<td class=\"tensionResultsAlternatingItem\" style=\"font-stretch: normal; font-size: 12px; font-family: Arial; line-height: 18px; padding: 3px 3px 3px 10px; border: none !important;\">0.6604<\/td>\n<td class=\"tensionDetail\" style=\"font-stretch: normal; font-size: 12px; font-family: Arial; line-height: 18px; padding: 3px 3px 3px 10px; border: none !important;\">18.310<\/td>\n<td class=\"tensionDetail\" style=\"font-stretch: normal; font-size: 12px; font-family: Arial; line-height: 18px; padding: 3px 3px 3px 10px; border: none !important;\">8.312<\/td>\n<\/tr>\n<tr class=\"tensionResults\" style=\"background-color: rgb(217, 238, 248);\">\n<td class=\"tensionDetail\" style=\"font-stretch: normal; font-size: 12px; font-family: Arial; line-height: 18px; padding: 3px 3px 3px 10px; border: none !important;\">NYNW036<\/td>\n<td class=\"tensionResults\" style=\"font-stretch: normal; font-size: 12px; font-family: Arial; line-height: 18px; padding: 3px 3px 3px 10px; border: none !important;\">A<\/td>\n<td class=\"tensionDetail\" style=\"font-stretch: normal; font-size: 12px; font-family: Arial; line-height: 18px; padding: 3px 3px 3px 10px; border: none !important;\">0.0360<\/td>\n<td class=\"tensionResults\" style=\"font-stretch: normal; font-size: 12px; font-family: Arial; line-height: 18px; padding: 3px 3px 3px 10px; border: none !important;\">0.9144<\/td>\n<td class=\"tensionDetail\" style=\"font-stretch: normal; font-size: 12px; font-family: Arial; line-height: 18px; padding: 3px 3px 3px 10px; border: none !important;\">18.950<\/td>\n<td class=\"tensionDetail\" style=\"font-stretch: normal; font-size: 12px; font-family: Arial; line-height: 18px; padding: 3px 3px 3px 10px; border: none !important;\">8.603<\/td>\n<\/tr>\n<tr class=\"tensionResultsAlternatingItem\">\n<td class=\"tensionDetail\" style=\"font-stretch: normal; font-size: 12px; font-family: Arial; line-height: 18px; padding: 3px 3px 3px 10px; border: none !important;\">NYNW046<\/td>\n<td class=\"tensionResultsAlternatingItem\" style=\"font-stretch: normal; font-size: 12px; font-family: Arial; line-height: 18px; padding: 3px 3px 3px 10px; border: none !important;\">E<\/td>\n<td class=\"tensionDetail\" style=\"font-stretch: normal; font-size: 12px; font-family: Arial; line-height: 18px; padding: 3px 3px 3px 10px; border: none !important;\">0.0460<\/td>\n<td class=\"tensionResultsAlternatingItem\" style=\"font-stretch: normal; font-size: 12px; font-family: Arial; line-height: 18px; padding: 3px 3px 3px 10px; border: none !important;\">1.1684<\/td>\n<td class=\"tensionDetail\" style=\"font-stretch: normal; font-size: 12px; font-family: Arial; line-height: 18px; padding: 3px 3px 3px 10px; border: none !important;\">16.830<\/td>\n<td class=\"tensionDetail\" style=\"font-stretch: normal; font-size: 12px; font-family: Arial; line-height: 18px; padding: 3px 3px 3px 10px; border: none !important;\">7.640<\/td>\n<\/tr>\n<\/tbody>\n<\/table>\n<\/h2>\n<p class=\"p_description\" style=\"margin-right: 20px; caret-color: rgb(77, 77, 77); color: rgb(77, 77, 77); font-family: Arial;\"><\/p>\n<p class=\"p_description\" style=\"margin-right: 20px; caret-color: rgb(77, 77, 77); color: rgb(77, 77, 77); font-family: Arial;\"><iframe loading=\"lazy\" frameborder=\"0\" src=\"\/\/www.youtube.com\/embed\/rKFt129LOE4\" width=\"640\" height=\"360\" class=\"note-video-clip\"><\/iframe><\/p>\n<p class=\"p_description\" style=\"margin-right: 20px; caret-color: rgb(77, 77, 77); color: rgb(77, 77, 77); font-family: Arial;\"><\/p>\n","protected":false},"excerpt":{"rendered":"<p>NYXL1046 are designed with the most popular string gauges for comfortable playability and an ideal electric tone. NYXL&#8217;s feature D\u2019Addario\u2019s<\/p>\n","protected":false},"featured_media":122416,"template":"","meta":[],"product_brand":[528],"product_cat":[5090],"product_tag":[1973,1972,6719,1988],"berocket_brand":[5902],"woo-feed-brand":[],"class_list":{"0":"post-228172","1":"product","2":"type-product","3":"status-publish","4":"has-post-thumbnail","6":"product_brand-DAddario","7":"product_cat-stigas-elektriskai-gitarai","8":"product_tag-10-46","9":"product_tag-regular-light","10":"product_tag-daddario","11":"product_tag-elektriskas-gitaras-stigas-daddario-nyxl1046-nickel-wound","12":"berocket_brand-daddario","14":"first","15":"instock","16":"purchasable","17":"product-type-simple"},"_links":{"self":[{"href":"https:\/\/nartiss.lv\/et\/wp-json\/wp\/v2\/product\/228172","targetHints":{"allow":["GET"]}}],"collection":[{"href":"https:\/\/nartiss.lv\/et\/wp-json\/wp\/v2\/product"}],"about":[{"href":"https:\/\/nartiss.lv\/et\/wp-json\/wp\/v2\/types\/product"}],"wp:featuredmedia":[{"embeddable":true,"href":"https:\/\/nartiss.lv\/et\/wp-json\/wp\/v2\/media\/122416"}],"wp:attachment":[{"href":"https:\/\/nartiss.lv\/et\/wp-json\/wp\/v2\/media?parent=228172"}],"wp:term":[{"taxonomy":"product_brand","embeddable":true,"href":"https:\/\/nartiss.lv\/et\/wp-json\/wp\/v2\/product_brand?post=228172"},{"taxonomy":"product_cat","embeddable":true,"href":"https:\/\/nartiss.lv\/et\/wp-json\/wp\/v2\/product_cat?post=228172"},{"taxonomy":"product_tag","embeddable":true,"href":"https:\/\/nartiss.lv\/et\/wp-json\/wp\/v2\/product_tag?post=228172"},{"taxonomy":"berocket_brand","embeddable":true,"href":"https:\/\/nartiss.lv\/et\/wp-json\/wp\/v2\/berocket_brand?post=228172"},{"taxonomy":"woo-feed-brand","embeddable":true,"href":"https:\/\/nartiss.lv\/et\/wp-json\/wp\/v2\/woo-feed-brand?post=228172"}],"curies":[{"name":"wp","href":"https:\/\/api.w.org\/{rel}","templated":true}]}}