{"id":128451,"date":"2012-08-25T22:16:46","date_gmt":"2012-08-25T22:16:46","guid":{"rendered":"https:\/?product=fligelhorns-nartiss-natr511-4"},"modified":"2025-11-24T19:31:24","modified_gmt":"2025-11-24T19:31:24","slug":"fligelhorns-nartiss-natr511-4","status":"publish","type":"product","link":"https:\/\/nartiss.lv\/product\/fligelhorns-nartiss-natr511-4\/","title":{"rendered":"Fl\u012bgelhorns NARTISS NATR511-4"},"content":{"rendered":"<p>Bb ska\u0146ojums, <\/p>\n<p>Sudrabots, <\/p>\n<p>Goldbrass met\u0101ls, <\/p>\n<p>zvana izm\u0113rs 151mm, <\/p>\n<p>urbums 11mm, <\/p>\n<p>3 MONEL venti\u013ci, <\/p>\n<p>vieglsvara futl\u0101ris<\/p>\n","protected":false},"excerpt":{"rendered":"<p>Bb ska\u0146ojums, Sudrabots, Goldbrass met\u0101ls, zvana izm\u0113rs 151mm, urbums 11mm, 3 MONEL venti\u013ci, vieglsvara futl\u0101ris<\/p>\n","protected":false},"featured_media":9948,"template":"","meta":[],"product_brand":[],"product_cat":[4230],"product_tag":[6712,6713],"berocket_brand":[6011],"woo-feed-brand":[],"class_list":{"0":"post-128451","1":"product","2":"type-product","3":"status-publish","4":"has-post-thumbnail","6":"product_cat-trompetes","7":"product_tag-nartiss","8":"product_tag-nartiss-latvia","9":"berocket_brand-nartiss-latvia","11":"first","12":"instock","13":"purchasable","14":"product-type-simple"},"_links":{"self":[{"href":"https:\/\/nartiss.lv\/et\/wp-json\/wp\/v2\/product\/128451","targetHints":{"allow":["GET"]}}],"collection":[{"href":"https:\/\/nartiss.lv\/et\/wp-json\/wp\/v2\/product"}],"about":[{"href":"https:\/\/nartiss.lv\/et\/wp-json\/wp\/v2\/types\/product"}],"wp:featuredmedia":[{"embeddable":true,"href":"https:\/\/nartiss.lv\/et\/wp-json\/wp\/v2\/media\/9948"}],"wp:attachment":[{"href":"https:\/\/nartiss.lv\/et\/wp-json\/wp\/v2\/media?parent=128451"}],"wp:term":[{"taxonomy":"product_brand","embeddable":true,"href":"https:\/\/nartiss.lv\/et\/wp-json\/wp\/v2\/product_brand?post=128451"},{"taxonomy":"product_cat","embeddable":true,"href":"https:\/\/nartiss.lv\/et\/wp-json\/wp\/v2\/product_cat?post=128451"},{"taxonomy":"product_tag","embeddable":true,"href":"https:\/\/nartiss.lv\/et\/wp-json\/wp\/v2\/product_tag?post=128451"},{"taxonomy":"berocket_brand","embeddable":true,"href":"https:\/\/nartiss.lv\/et\/wp-json\/wp\/v2\/berocket_brand?post=128451"},{"taxonomy":"woo-feed-brand","embeddable":true,"href":"https:\/\/nartiss.lv\/et\/wp-json\/wp\/v2\/woo-feed-brand?post=128451"}],"curies":[{"name":"wp","href":"https:\/\/api.w.org\/{rel}","templated":true}]}}