{"id":128351,"date":"2011-08-19T11:07:58","date_gmt":"2011-08-19T11:07:58","guid":{"rendered":"https:\/?product=ierakstisanas-iekarta-zoom-q4-hd"},"modified":"2025-11-24T18:05:37","modified_gmt":"2025-11-24T18:05:37","slug":"ierakstisanas-iekarta-zoom-q4-hd","status":"publish","type":"product","link":"https:\/\/nartiss.lv\/et\/veikals\/zoom-handy-recorder-ierakstisanas-iekartas-un-aksesuari\/ierakstisanas-iekarta-zoom-q4-hd\/","title":{"rendered":"Ierakst\u012b\u0161anas iek\u0101rta ZOOM Q4 HD"},"content":{"rendered":"<p>Recording Media &#8211; SD\/SDHC\/SDXC card (up to 128GB)<br \/>\nImaging Device &#8211; 1\/3-inch 3-megapixels CMOS sensor<br \/>\nOptics Lens &#8211; Fixed Focus (55cm to infinity), F2.8,<br \/>\nFocal distance &#8211; about 22 mm (35 mm equivalent)<br \/>\nVideo Format &#8211; MPEG-4 AVC \/ H.264\uff08MOV\uff09<br \/>\nVideo Resolution &#8211; HD1080p 30fps, HD720p 60fps, HD720p 30fps, WVGA 60fps, WVGA 30fps<br \/>\nAudio Format &#8211; WAV (Quantization: 16\/24bit, Sampling Frequency: 44.1\/48\/96kHz)<br \/>\nAAC (Bit Rate: 64 to 320kbps, Sampling Frequency: 48kHz)<br \/>\nAudio Functions &#8211; Lo-cut filter, Auto Gain (Concert \/ Solo \/ Meeting)<br \/>\nImage Functions &#8211; Angle of view adjustment, Scene selection (Auto \/ Concert Lighting \/ Night)<br \/>\nDisplay &#8211; 2.0&#8243; full-color LCD (detachable)<br \/>\nBuilt-in mic &#8211; X\/Y stereo format (120\u00b0)<br \/>\nMaximum sound pressureinput: 130dB SPL<br \/>\nInput gain: +7dB to +47dB<br \/>\nInput connector\tCombined line\/mic stereo mini jack \uff08can supply plug-in power\uff09<br \/>\nInput gain: +0dB to +26dB<br \/>\nOutput connector &#8211; Combined line\/headphones stereo mini jack<br \/>\nType D microHDMI<br \/>\nBuilt-in speaker\t400mW 8\u03a9, monaural speaker<br \/>\nUSB\tMini B type \uff08USB2.0 High Speed\uff09, USB-VIDEO, USB-AUDIO functions<br \/>\nPower &#8211; Lithium-ion battery: DC 4.2V maximum voltage, DC 3.7V nominal voltage, 1050mAh capacity<br \/>\nAC adapter (ZOOM AD-17, sold separately): DC 5V\/1A<br \/>\nUSB bus power<br \/>\nBattery recharging times &#8211; USB: About 3 hours<br \/>\nAC adapter: About 2 hours 15 minutes<br \/>\nBattery Life &#8211; 3 hours (when recording 720p\/30fps video with LCD unit detached)<br \/>\nDimensions &#8211; Recorder: 106.4 (W) x 57.8 (H) x 30.4 (D) mm (with X\/Y mic stored)<br \/>\nLCD unit: 73.6\uff08W\uff09 x 48.4\uff08H\uff09 x 40.1\uff08D\uff09 mm<br \/>\nWeight &#8211; Recorder: 167g (without battery)<br \/>\nLCD unit: 51g<br \/>\nIncluded accessories &#8211; Removable LCD unit, USB cable, Rechargable lithium ion (Li-Ion) battery (BT-02), Hairy windscreen, Hairy windscreen attachment screw, User guide<\/p>\n","protected":false},"excerpt":{"rendered":"<p>Recording Media &#8211; SD\/SDHC\/SDXC card (up to 128GB) Imaging Device &#8211; 1\/3-inch 3-megapixels CMOS sensor Optics Lens &#8211; Fixed Focus<\/p>\n","protected":false},"featured_media":9803,"template":"","meta":[],"product_brand":[307],"product_cat":[4602],"product_tag":[6664],"berocket_brand":[6124],"woo-feed-brand":[],"class_list":{"0":"post-128351","1":"product","2":"type-product","3":"status-publish","4":"has-post-thumbnail","6":"product_brand-zoom","7":"product_cat-zoom-handy-recorder-ierakstisanas-iekartas-un-aksesuari","8":"product_tag-zoom","9":"berocket_brand-zoom","11":"first","12":"instock","13":"purchasable","14":"product-type-simple"},"_links":{"self":[{"href":"https:\/\/nartiss.lv\/et\/wp-json\/wp\/v2\/product\/128351","targetHints":{"allow":["GET"]}}],"collection":[{"href":"https:\/\/nartiss.lv\/et\/wp-json\/wp\/v2\/product"}],"about":[{"href":"https:\/\/nartiss.lv\/et\/wp-json\/wp\/v2\/types\/product"}],"wp:featuredmedia":[{"embeddable":true,"href":"https:\/\/nartiss.lv\/et\/wp-json\/wp\/v2\/media\/9803"}],"wp:attachment":[{"href":"https:\/\/nartiss.lv\/et\/wp-json\/wp\/v2\/media?parent=128351"}],"wp:term":[{"taxonomy":"product_brand","embeddable":true,"href":"https:\/\/nartiss.lv\/et\/wp-json\/wp\/v2\/product_brand?post=128351"},{"taxonomy":"product_cat","embeddable":true,"href":"https:\/\/nartiss.lv\/et\/wp-json\/wp\/v2\/product_cat?post=128351"},{"taxonomy":"product_tag","embeddable":true,"href":"https:\/\/nartiss.lv\/et\/wp-json\/wp\/v2\/product_tag?post=128351"},{"taxonomy":"berocket_brand","embeddable":true,"href":"https:\/\/nartiss.lv\/et\/wp-json\/wp\/v2\/berocket_brand?post=128351"},{"taxonomy":"woo-feed-brand","embeddable":true,"href":"https:\/\/nartiss.lv\/et\/wp-json\/wp\/v2\/woo-feed-brand?post=128351"}],"curies":[{"name":"wp","href":"https:\/\/api.w.org\/{rel}","templated":true}]}}